{"id":114,"date":"2024-03-22T12:37:09","date_gmt":"2024-03-22T12:37:09","guid":{"rendered":"https:\/\/dummy.xtemos.com\/woodmart2\/pills-elementor\/?post_type=product&#038;p=114"},"modified":"2026-04-20T20:44:08","modified_gmt":"2026-04-20T18:44:08","slug":"5-drutow-minova-pro-260w","status":"publish","type":"product","link":"https:\/\/pro-cut.pl\/cs\/product\/5-drutow-minova-pro-260w\/","title":{"rendered":"5 ks odporov\u00fdch dr\u00e1t\u016f NiCr80\/20 pro \u0159ezac\u00ed stroj Minova Pro 130cm 260W"},"content":{"rendered":"","protected":false},"excerpt":{"rendered":"<p>Komplet 5 sztuk drutu oporowego do przecinarki Minova Pro 130cm 260W.<\/p>","protected":false},"featured_media":1528,"comment_status":"open","ping_status":"closed","template":"","meta":{"_acf_changed":false},"product_brand":[],"product_cat":[97,82,75,61],"product_tag":[],"class_list":{"0":"post-114","1":"product","2":"type-product","3":"status-publish","4":"has-post-thumbnail","6":"product_cat-akcesoria-2","7":"product_cat-ciecie-styropianu-i-styroduru-xps-eps","8":"product_cat-drut-oporowy","9":"product_cat-akcesoria","10":"product_shipping_class-gabaryt-maly","12":"first","13":"instock","14":"taxable","15":"shipping-taxable","16":"purchasable","17":"product-type-simple"},"bundled_by":["3657"],"bundle_stock_status":"instock","bundle_stock_quantity":84,"bundle_virtual":false,"bundle_layout":"","bundle_add_to_cart_form_location":"","bundle_editable_in_cart":false,"bundle_sold_individually_context":"","bundle_item_grouping":"","bundle_min_size":"","bundle_max_size":"","bundle_price":[],"bundled_items":[],"bundle_sell_ids":[],"acf":[],"_links":{"self":[{"href":"https:\/\/pro-cut.pl\/cs\/wp-json\/wp\/v2\/product\/114","targetHints":{"allow":["GET"]}}],"collection":[{"href":"https:\/\/pro-cut.pl\/cs\/wp-json\/wp\/v2\/product"}],"about":[{"href":"https:\/\/pro-cut.pl\/cs\/wp-json\/wp\/v2\/types\/product"}],"replies":[{"embeddable":true,"href":"https:\/\/pro-cut.pl\/cs\/wp-json\/wp\/v2\/comments?post=114"}],"version-history":[{"count":9,"href":"https:\/\/pro-cut.pl\/cs\/wp-json\/wp\/v2\/product\/114\/revisions"}],"predecessor-version":[{"id":1485,"href":"https:\/\/pro-cut.pl\/cs\/wp-json\/wp\/v2\/product\/114\/revisions\/1485"}],"wp:featuredmedia":[{"embeddable":true,"href":"https:\/\/pro-cut.pl\/cs\/wp-json\/wp\/v2\/media\/1528"}],"wp:attachment":[{"href":"https:\/\/pro-cut.pl\/cs\/wp-json\/wp\/v2\/media?parent=114"}],"wp:term":[{"taxonomy":"product_brand","embeddable":true,"href":"https:\/\/pro-cut.pl\/cs\/wp-json\/wp\/v2\/product_brand?post=114"},{"taxonomy":"product_cat","embeddable":true,"href":"https:\/\/pro-cut.pl\/cs\/wp-json\/wp\/v2\/product_cat?post=114"},{"taxonomy":"product_tag","embeddable":true,"href":"https:\/\/pro-cut.pl\/cs\/wp-json\/wp\/v2\/product_tag?post=114"}],"curies":[{"name":"wp","href":"https:\/\/api.w.org\/{rel}","templated":true}]}}