{"id":3216,"date":"2025-11-30T19:40:21","date_gmt":"2025-11-30T17:40:21","guid":{"rendered":"https:\/\/pro-cut.pl\/?post_type=product&#038;p=3216"},"modified":"2026-02-25T16:47:09","modified_gmt":"2026-02-25T14:47:09","slug":"akumulator-procut-21v-4-0ah-li-ion","status":"publish","type":"product","link":"https:\/\/pro-cut.pl\/en\/product\/akumulator-procut-21v-4-0ah-li-ion\/","title":{"rendered":"Akumulator Procut 21V 4.0Ah Li-Ion"},"content":{"rendered":"","protected":false},"excerpt":{"rendered":"<p><strong>Oryginalny akumulator 21V do zacieraczek Procut<\/strong><\/p>\n<p>Wysokiej jako\u015bci bateria litowo-jonowa Procut o pojemno\u015bci 4.0Ah (4000 mAh). Generuje napi\u0119cie 21V, co zapewnia szlifierkom odpowiedni zapas mocy do pracy pod obci\u0105\u017ceniem &#8211; nawet przy g\u0119stych tynkach czy mocnym docisku do styropianu. Dzi\u0119ki nowoczesnej technologii Li-Ion akumulator nie posiada efektu pami\u0119ci &#8211; mo\u017cesz go do\u0142adowywa\u0107 w ka\u017cdej chwili bez obawy o utrat\u0119 \u017cywotno\u015bci. Idealny jako druga bateria na zmian\u0119, aby zachowa\u0107 ci\u0105g\u0142o\u015b\u0107 pracy.<\/p>\n<p>Kompatybilno\u015b\u0107 &#8211; dedykowany do zasilania bezprzewodowych zacieraczek Procut, m.in.:<\/p>\n<ul>\n<li>Zacieraczka Procut 21B<\/li>\n<li>Zacieraczka Procut 22B<\/li>\n<\/ul>","protected":false},"featured_media":3218,"comment_status":"open","ping_status":"closed","template":"","meta":{"_acf_changed":false},"product_brand":[],"product_cat":[95,92],"product_tag":[],"class_list":{"0":"post-3216","1":"product","2":"type-product","3":"status-publish","4":"has-post-thumbnail","6":"product_cat-akcesoria-do-tarnikow-i-zacieraczek","7":"product_cat-obrobka-i-wykanczanie-elewacji","9":"first","10":"outofstock","11":"sale","12":"taxable","13":"shipping-taxable","14":"purchasable","15":"product-type-simple"},"bundled_by":[],"bundle_stock_status":"outofstock","bundle_stock_quantity":null,"bundle_virtual":false,"bundle_layout":"","bundle_add_to_cart_form_location":"","bundle_editable_in_cart":false,"bundle_sold_individually_context":"","bundle_item_grouping":"","bundle_min_size":"","bundle_max_size":"","bundle_price":[],"bundled_items":[],"bundle_sell_ids":[],"acf":[],"_links":{"self":[{"href":"https:\/\/pro-cut.pl\/en\/wp-json\/wp\/v2\/product\/3216","targetHints":{"allow":["GET"]}}],"collection":[{"href":"https:\/\/pro-cut.pl\/en\/wp-json\/wp\/v2\/product"}],"about":[{"href":"https:\/\/pro-cut.pl\/en\/wp-json\/wp\/v2\/types\/product"}],"replies":[{"embeddable":true,"href":"https:\/\/pro-cut.pl\/en\/wp-json\/wp\/v2\/comments?post=3216"}],"version-history":[{"count":1,"href":"https:\/\/pro-cut.pl\/en\/wp-json\/wp\/v2\/product\/3216\/revisions"}],"predecessor-version":[{"id":3217,"href":"https:\/\/pro-cut.pl\/en\/wp-json\/wp\/v2\/product\/3216\/revisions\/3217"}],"wp:featuredmedia":[{"embeddable":true,"href":"https:\/\/pro-cut.pl\/en\/wp-json\/wp\/v2\/media\/3218"}],"wp:attachment":[{"href":"https:\/\/pro-cut.pl\/en\/wp-json\/wp\/v2\/media?parent=3216"}],"wp:term":[{"taxonomy":"product_brand","embeddable":true,"href":"https:\/\/pro-cut.pl\/en\/wp-json\/wp\/v2\/product_brand?post=3216"},{"taxonomy":"product_cat","embeddable":true,"href":"https:\/\/pro-cut.pl\/en\/wp-json\/wp\/v2\/product_cat?post=3216"},{"taxonomy":"product_tag","embeddable":true,"href":"https:\/\/pro-cut.pl\/en\/wp-json\/wp\/v2\/product_tag?post=3216"}],"curies":[{"name":"wp","href":"https:\/\/api.w.org\/{rel}","templated":true}]}}