{"id":3394,"date":"2025-11-30T20:11:15","date_gmt":"2025-11-30T18:11:15","guid":{"rendered":"https:\/\/pro-cut.pl\/?post_type=product&#038;p=3394"},"modified":"2026-04-10T17:03:21","modified_gmt":"2026-04-10T15:03:21","slug":"tarnik-fasadowy-do-styropianu-allublack-1200mm-wymienne-ostrza","status":"publish","type":"product","link":"https:\/\/pro-cut.pl\/en\/product\/tarnik-fasadowy-do-styropianu-allublack-1200mm-wymienne-ostrza\/","title":{"rendered":"Tarnik fasadowy do styropianu AlluBlack 1200mm Wymienne ostrza"},"content":{"rendered":"","protected":false},"excerpt":{"rendered":"<p><strong>Lekko\u015b\u0107 i precyzja w ciasnych miejscach<\/strong><br \/>\nKompaktowa \u0142ata zdzieraj\u0105ca z serii Alu Black. Idealna do pracy na mniejszych powierzchniach, wn\u0119kach, o\u015bcie\u017cach i przy obr\u00f3bce detali elewacyjnych. Sztywny, aluminiowy profil gwarantuje trwa\u0142o\u015b\u0107, a agresywna powierzchnia tn\u0105ca b\u0142yskawicznie r\u00f3wna styropian bez zapychania si\u0119 materia\u0142em.<\/p>\n<p><strong>\u2713 D\u0142ugo\u015b\u0107: 120 cm \u2713 Sztywny profil aluminiowy \u2713 Idealny do detali i rusztowa\u0144 \u2713 B\u0142yskawiczne r\u00f3wnanie EPS\/XPS<\/strong><\/p>","protected":false},"featured_media":3822,"comment_status":"open","ping_status":"closed","template":"","meta":{"_acf_changed":false},"product_brand":[],"product_cat":[78],"product_tag":[81],"class_list":{"0":"post-3394","1":"product","2":"type-product","3":"status-publish","4":"has-post-thumbnail","6":"product_cat-tarniki-fasadowe","7":"product_tag-simple","8":"product_shipping_class-gabaryt-duzy","10":"first","11":"outofstock","12":"sale","13":"taxable","14":"shipping-taxable","15":"purchasable","16":"product-type-simple"},"bundled_by":[],"bundle_stock_status":"outofstock","bundle_stock_quantity":null,"bundle_virtual":false,"bundle_layout":"","bundle_add_to_cart_form_location":"","bundle_editable_in_cart":false,"bundle_sold_individually_context":"","bundle_item_grouping":"","bundle_min_size":"","bundle_max_size":"","bundle_price":[],"bundled_items":[],"bundle_sell_ids":[],"acf":[],"_links":{"self":[{"href":"https:\/\/pro-cut.pl\/en\/wp-json\/wp\/v2\/product\/3394","targetHints":{"allow":["GET"]}}],"collection":[{"href":"https:\/\/pro-cut.pl\/en\/wp-json\/wp\/v2\/product"}],"about":[{"href":"https:\/\/pro-cut.pl\/en\/wp-json\/wp\/v2\/types\/product"}],"replies":[{"embeddable":true,"href":"https:\/\/pro-cut.pl\/en\/wp-json\/wp\/v2\/comments?post=3394"}],"version-history":[{"count":2,"href":"https:\/\/pro-cut.pl\/en\/wp-json\/wp\/v2\/product\/3394\/revisions"}],"predecessor-version":[{"id":3397,"href":"https:\/\/pro-cut.pl\/en\/wp-json\/wp\/v2\/product\/3394\/revisions\/3397"}],"wp:featuredmedia":[{"embeddable":true,"href":"https:\/\/pro-cut.pl\/en\/wp-json\/wp\/v2\/media\/3822"}],"wp:attachment":[{"href":"https:\/\/pro-cut.pl\/en\/wp-json\/wp\/v2\/media?parent=3394"}],"wp:term":[{"taxonomy":"product_brand","embeddable":true,"href":"https:\/\/pro-cut.pl\/en\/wp-json\/wp\/v2\/product_brand?post=3394"},{"taxonomy":"product_cat","embeddable":true,"href":"https:\/\/pro-cut.pl\/en\/wp-json\/wp\/v2\/product_cat?post=3394"},{"taxonomy":"product_tag","embeddable":true,"href":"https:\/\/pro-cut.pl\/en\/wp-json\/wp\/v2\/product_tag?post=3394"}],"curies":[{"name":"wp","href":"https:\/\/api.w.org\/{rel}","templated":true}]}}