{"id":3863,"date":"2026-04-27T13:33:13","date_gmt":"2026-04-27T11:33:13","guid":{"rendered":"https:\/\/pro-cut.pl\/?post_type=product&#038;p=3863"},"modified":"2026-04-27T14:04:07","modified_gmt":"2026-04-27T12:04:07","slug":"akumulatorowa-reczna-rama-tnaca-przecinarka-styropian-minova-r20-18v-136cm","status":"publish","type":"product","link":"https:\/\/pro-cut.pl\/en\/product\/akumulatorowa-reczna-rama-tnaca-przecinarka-styropian-minova-r20-18v-136cm\/","title":{"rendered":"Akumulatorowa r\u0119czna RAMA TN\u0104CA przecinarka Styropian MINOVA R20 18V 136cm"},"content":{"rendered":"<div data-elementor-type=\"wp-post\" data-elementor-id=\"3863\" class=\"elementor elementor-3863\" data-elementor-post-type=\"product\">\n\t\t\t\t<div class=\"wd-negative-gap elementor-element elementor-element-b82c840 e-flex e-con-boxed e-con e-parent\" data-id=\"b82c840\" data-element_type=\"container\" data-e-type=\"container\">\n\t\t\t\t\t<div class=\"e-con-inner\">\n\t\t\t\t<div class=\"elementor-element elementor-element-44bf66e elementor-widget elementor-widget-wd_text_block\" data-id=\"44bf66e\" data-element_type=\"widget\" data-e-type=\"widget\" data-widget_type=\"wd_text_block.default\">\n\t\t\t\t<div class=\"elementor-widget-container\">\n\t\t\t\t\t\t\t<div class=\"wd-text-block reset-last-child text-left\">\n\t\t\t\n\t\t\t<p>Ci\u0105gni\u0119cie kabli zasilaj\u0105cych przez ca\u0142e rusztowanie tylko po to, \u017ceby doci\u0105\u0107 kilka nietypowych element\u00f3w, to strata czasu. Akumulatorowe rami\u0119 tn\u0105ce Minova R20 zosta\u0142o stworzone do zada\u0144 specjalnych i szybkiej pracy w najtrudniej dost\u0119pnych miejscach. To por\u0119czne narz\u0119dzie pierwszego wyboru do pracy na balkonach, w ciasnych naro\u017cnikach czy na skomplikowanych poddaszach.<\/p>\n\t\t\t\t\t<\/div>\n\t\t\t\t\t\t<\/div>\n\t\t\t\t<\/div>\n\t\t\t\t\t<\/div>\n\t\t\t\t<\/div>\n\t\t<div class=\"elementor-element elementor-element-b1b61d5 e-flex e-con-boxed e-con e-parent\" data-id=\"b1b61d5\" data-element_type=\"container\" data-e-type=\"container\">\n\t\t\t\t\t<div class=\"e-con-inner\">\n\t\t<div class=\"elementor-element elementor-element-5c1469b e-con-full e-flex e-con e-child\" data-id=\"5c1469b\" data-element_type=\"container\" data-e-type=\"container\">\n\t\t\t\t<div class=\"elementor-element elementor-element-7a3cc12 elementor-widget elementor-widget-wd_text_block\" data-id=\"7a3cc12\" data-element_type=\"widget\" data-e-type=\"widget\" data-widget_type=\"wd_text_block.default\">\n\t\t\t\t<div class=\"elementor-widget-container\">\n\t\t\t\t\t\t\t<div class=\"wd-text-block reset-last-child text-left\">\n\t\t\t\n\t\t\t<h3>\u2705 Pracuj bez kabli i ogranicze\u0144<\/h3><p>Zasilanie 18V to czysta wygoda. Wpinasz bateri\u0119, wciskasz w\u0142\u0105cznik, a drut nagrzewa si\u0119 do temperatury roboczej w kilka sekund. Mo\u017cesz swobodnie przemieszcza\u0107 si\u0119 wok\u00f3\u0142 budynku, wycinaj\u0105c skomplikowane kszta\u0142ty wok\u00f3\u0142 rur, krokwi czy przy obr\u00f3bce otwor\u00f3w okiennych (\"eLki\"), bez ci\u0105g\u0142ego uwa\u017cania na to, czy przed\u0142u\u017cacz gdzie\u015b si\u0119 nie zahaczy\u0142.<\/p><p>\u00a0<\/p>\n\t\t\t\t\t<\/div>\n\t\t\t\t\t\t<\/div>\n\t\t\t\t<\/div>\n\t\t\t\t<\/div>\n\t\t<div class=\"elementor-element elementor-element-e4b49f8 e-con-full e-flex e-con e-child\" data-id=\"e4b49f8\" data-element_type=\"container\" data-e-type=\"container\">\n\t\t\t\t<div class=\"elementor-element elementor-element-e6d710f elementor-widget elementor-widget-wd_image_or_svg\" data-id=\"e6d710f\" data-element_type=\"widget\" data-e-type=\"widget\" data-widget_type=\"wd_image_or_svg.default\">\n\t\t\t\t<div class=\"elementor-widget-container\">\n\t\t\t\t\t\n\t\t<div class=\"wd-image text-left\">\n\t\t\t\t\t\t\t\t<img fetchpriority=\"high\" decoding=\"async\" width=\"1697\" height=\"1600\" src=\"https:\/\/pro-cut.pl\/wp-content\/uploads\/2026\/04\/calosc.jpg\" class=\"attachment-full size-full\" alt=\"\" srcset=\"https:\/\/pro-cut.pl\/wp-content\/uploads\/2026\/04\/calosc.jpg 1697w, https:\/\/pro-cut.pl\/wp-content\/uploads\/2026\/04\/calosc-300x283.jpg 300w, https:\/\/pro-cut.pl\/wp-content\/uploads\/2026\/04\/calosc-1024x965.jpg 1024w, https:\/\/pro-cut.pl\/wp-content\/uploads\/2026\/04\/calosc-768x724.jpg 768w, https:\/\/pro-cut.pl\/wp-content\/uploads\/2026\/04\/calosc-1536x1448.jpg 1536w, https:\/\/pro-cut.pl\/wp-content\/uploads\/2026\/04\/calosc-13x12.jpg 13w, https:\/\/pro-cut.pl\/wp-content\/uploads\/2026\/04\/calosc-1200x1131.jpg 1200w, https:\/\/pro-cut.pl\/wp-content\/uploads\/2026\/04\/calosc-150x141.jpg 150w\" sizes=\"(max-width: 1697px) 100vw, 1697px\" title=\"\">\t\t\t\t\t<\/div>\n\n\t\t\t\t\t\t<\/div>\n\t\t\t\t<\/div>\n\t\t\t\t<\/div>\n\t\t\t\t\t<\/div>\n\t\t\t\t<\/div>\n\t\t<div class=\"elementor-element elementor-element-257130a e-flex e-con-boxed e-con e-parent\" data-id=\"257130a\" data-element_type=\"container\" data-e-type=\"container\">\n\t\t\t\t\t<div class=\"e-con-inner\">\n\t\t<div class=\"elementor-element elementor-element-22cbfc0 e-con-full e-flex e-con e-child\" data-id=\"22cbfc0\" data-element_type=\"container\" data-e-type=\"container\">\n\t\t\t\t<div class=\"elementor-element elementor-element-4888f29 elementor-widget elementor-widget-wd_text_block\" data-id=\"4888f29\" data-element_type=\"widget\" data-e-type=\"widget\" data-widget_type=\"wd_text_block.default\">\n\t\t\t\t<div class=\"elementor-widget-container\">\n\t\t\t\t\t\t\t<div class=\"wd-text-block reset-last-child text-left\">\n\t\t\t\n\t\t\t<h3>\u2705 Du\u017cy zakres ci\u0119cia w ultralekkiej formie:<\/h3><p>Mimo zasilania akumulatorowego i bardzo niskiej wagi, maszyna zachowa\u0142a pe\u0142ne, profesjonalne wymiary z wersji sieciowych. Maksymalna d\u0142ugo\u015b\u0107 ci\u0119cia to a\u017c 1360 mm, a wysoko\u015b\u0107 330 mm. Bez problemu przetniesz na niej wzd\u0142u\u017c i wszerz ka\u017cd\u0105 standardow\u0105 p\u0142yt\u0119 styropianow\u0105 (EPS) i twardy styrodur (XPS).<\/p><p>\u00a0<\/p>\n\t\t\t\t\t<\/div>\n\t\t\t\t\t\t<\/div>\n\t\t\t\t<\/div>\n\t\t\t\t<\/div>\n\t\t<div class=\"elementor-element elementor-element-388ba8a e-con-full e-flex e-con e-child\" data-id=\"388ba8a\" data-element_type=\"container\" data-e-type=\"container\">\n\t\t\t\t<div class=\"elementor-element elementor-element-190374d elementor-widget elementor-widget-wd_image_or_svg\" data-id=\"190374d\" data-element_type=\"widget\" data-e-type=\"widget\" data-widget_type=\"wd_image_or_svg.default\">\n\t\t\t\t<div class=\"elementor-widget-container\">\n\t\t\t\t\t\n\t\t<div class=\"wd-image text-left\">\n\t\t\t\t\t\t\t\t<img decoding=\"async\" width=\"1500\" height=\"1500\" src=\"https:\/\/pro-cut.pl\/wp-content\/uploads\/2026\/04\/Uzycie-przy-stole-1.jpg\" class=\"attachment-full size-full\" alt=\"\" srcset=\"https:\/\/pro-cut.pl\/wp-content\/uploads\/2026\/04\/Uzycie-przy-stole-1.jpg 1500w, https:\/\/pro-cut.pl\/wp-content\/uploads\/2026\/04\/Uzycie-przy-stole-1-300x300.jpg 300w, https:\/\/pro-cut.pl\/wp-content\/uploads\/2026\/04\/Uzycie-przy-stole-1-1024x1024.jpg 1024w, https:\/\/pro-cut.pl\/wp-content\/uploads\/2026\/04\/Uzycie-przy-stole-1-150x150.jpg 150w, https:\/\/pro-cut.pl\/wp-content\/uploads\/2026\/04\/Uzycie-przy-stole-1-768x768.jpg 768w, https:\/\/pro-cut.pl\/wp-content\/uploads\/2026\/04\/Uzycie-przy-stole-1-12x12.jpg 12w, https:\/\/pro-cut.pl\/wp-content\/uploads\/2026\/04\/Uzycie-przy-stole-1-600x600.jpg 600w, https:\/\/pro-cut.pl\/wp-content\/uploads\/2026\/04\/Uzycie-przy-stole-1-1200x1200.jpg 1200w\" sizes=\"(max-width: 1500px) 100vw, 1500px\" title=\"\">\t\t\t\t\t<\/div>\n\n\t\t\t\t\t\t<\/div>\n\t\t\t\t<\/div>\n\t\t\t\t<\/div>\n\t\t\t\t\t<\/div>\n\t\t\t\t<\/div>\n\t\t<div class=\"elementor-element elementor-element-7835951 e-flex e-con-boxed e-con e-parent\" data-id=\"7835951\" data-element_type=\"container\" data-e-type=\"container\">\n\t\t\t\t\t<div class=\"e-con-inner\">\n\t\t<div class=\"elementor-element elementor-element-22e2dc8 e-con-full e-flex e-con e-child\" data-id=\"22e2dc8\" data-element_type=\"container\" data-e-type=\"container\">\n\t\t\t\t<div class=\"elementor-element elementor-element-978a539 elementor-widget elementor-widget-wd_text_block\" data-id=\"978a539\" data-element_type=\"widget\" data-e-type=\"widget\" data-widget_type=\"wd_text_block.default\">\n\t\t\t\t<div class=\"elementor-widget-container\">\n\t\t\t\t\t\t\t<div class=\"wd-text-block reset-last-child text-left\">\n\t\t\t\n\t\t\t<h3>\u2705 spawana rama z aluminium<\/h3><p>. W przeciwie\u0144stwie do tanich, skr\u0119canych pa\u0142\u0105k\u00f3w, konstrukcja Minova R20 opiera si\u0119 na aluminiowych spawach. Co to oznacza w praktyce? Rama jest niesamowicie sztywna, nie wygina si\u0119 pod naciskiem, drut jest zawsze mocno napi\u0119ty, a maszyna trzyma idealn\u0105 geometri\u0119 nawet po latach rzucania jej do busa.<\/p>\n\t\t\t\t\t<\/div>\n\t\t\t\t\t\t<\/div>\n\t\t\t\t<\/div>\n\t\t\t\t<\/div>\n\t\t<div class=\"elementor-element elementor-element-b251420 e-con-full e-flex e-con e-child\" data-id=\"b251420\" data-element_type=\"container\" data-e-type=\"container\">\n\t\t\t\t<div class=\"elementor-element elementor-element-6794de8 elementor-widget elementor-widget-wd_image_or_svg\" data-id=\"6794de8\" data-element_type=\"widget\" data-e-type=\"widget\" data-widget_type=\"wd_image_or_svg.default\">\n\t\t\t\t<div class=\"elementor-widget-container\">\n\t\t\t\t\t\n\t\t<div class=\"wd-image text-left\">\n\t\t\t\t\t\t\t\t<img decoding=\"async\" width=\"1500\" height=\"1500\" src=\"https:\/\/pro-cut.pl\/wp-content\/uploads\/2026\/04\/detale.jpg\" class=\"attachment-full size-full\" alt=\"\" srcset=\"https:\/\/pro-cut.pl\/wp-content\/uploads\/2026\/04\/detale.jpg 1500w, https:\/\/pro-cut.pl\/wp-content\/uploads\/2026\/04\/detale-300x300.jpg 300w, https:\/\/pro-cut.pl\/wp-content\/uploads\/2026\/04\/detale-1024x1024.jpg 1024w, https:\/\/pro-cut.pl\/wp-content\/uploads\/2026\/04\/detale-150x150.jpg 150w, https:\/\/pro-cut.pl\/wp-content\/uploads\/2026\/04\/detale-768x768.jpg 768w, https:\/\/pro-cut.pl\/wp-content\/uploads\/2026\/04\/detale-12x12.jpg 12w, https:\/\/pro-cut.pl\/wp-content\/uploads\/2026\/04\/detale-600x600.jpg 600w, https:\/\/pro-cut.pl\/wp-content\/uploads\/2026\/04\/detale-1200x1200.jpg 1200w\" sizes=\"(max-width: 1500px) 100vw, 1500px\" title=\"\">\t\t\t\t\t<\/div>\n\n\t\t\t\t\t\t<\/div>\n\t\t\t\t<\/div>\n\t\t\t\t<\/div>\n\t\t\t\t\t<\/div>\n\t\t\t\t<\/div>\n\t\t<div class=\"elementor-element elementor-element-b8243a4 e-flex e-con-boxed e-con e-parent\" data-id=\"b8243a4\" data-element_type=\"container\" data-e-type=\"container\">\n\t\t\t\t\t<div class=\"e-con-inner\">\n\t\t<div class=\"elementor-element elementor-element-0e5838c e-con-full e-flex e-con e-child\" data-id=\"0e5838c\" data-element_type=\"container\" data-e-type=\"container\">\n\t\t\t\t<div class=\"elementor-element elementor-element-89eaf87 elementor-widget elementor-widget-wd_text_block\" data-id=\"89eaf87\" data-element_type=\"widget\" data-e-type=\"widget\" data-widget_type=\"wd_text_block.default\">\n\t\t\t\t<div class=\"elementor-widget-container\">\n\t\t\t\t\t\t\t<div class=\"wd-text-block reset-last-child text-left\">\n\t\t\t\n\t\t\t<h3>\u2705 Prosta i bezawaryjna obs\u0142uga<\/h3><p>Wymiana i naci\u0105g drutu oporowego odbywa si\u0119 tu ca\u0142kowicie beznarz\u0119dziowo. Nie musisz szuka\u0107 \u015brubokr\u0119t\u00f3w ani kluczy po kieszeniach \u2013 wszystko za\u0142atwiasz w kilka sekund za pomoc\u0105 wygodnych pokr\u0119te\u0142.<\/p><p>\u00a0<\/p>\n\t\t\t\t\t<\/div>\n\t\t\t\t\t\t<\/div>\n\t\t\t\t<\/div>\n\t\t\t\t<\/div>\n\t\t<div class=\"elementor-element elementor-element-21988b4 e-con-full e-flex e-con e-child\" data-id=\"21988b4\" data-element_type=\"container\" data-e-type=\"container\">\n\t\t\t\t<div class=\"elementor-element elementor-element-38c4df2 elementor-widget elementor-widget-wd_image_or_svg\" data-id=\"38c4df2\" data-element_type=\"widget\" data-e-type=\"widget\" data-widget_type=\"wd_image_or_svg.default\">\n\t\t\t\t<div class=\"elementor-widget-container\">\n\t\t\t\t\t\n\t\t<div class=\"wd-image text-left\">\n\t\t\t\t\t\t\t\t<img loading=\"lazy\" decoding=\"async\" width=\"1000\" height=\"1000\" src=\"https:\/\/pro-cut.pl\/wp-content\/uploads\/2025\/06\/Minova-Pro-naciag-drutu.jpg\" class=\"attachment-full size-full\" alt=\"\" srcset=\"https:\/\/pro-cut.pl\/wp-content\/uploads\/2025\/06\/Minova-Pro-naciag-drutu.jpg 1000w, https:\/\/pro-cut.pl\/wp-content\/uploads\/2025\/06\/Minova-Pro-naciag-drutu-600x600.jpg 600w, https:\/\/pro-cut.pl\/wp-content\/uploads\/2025\/06\/Minova-Pro-naciag-drutu-150x150.jpg 150w, https:\/\/pro-cut.pl\/wp-content\/uploads\/2025\/06\/Minova-Pro-naciag-drutu-300x300.jpg 300w, https:\/\/pro-cut.pl\/wp-content\/uploads\/2025\/06\/Minova-Pro-naciag-drutu-768x768.jpg 768w\" sizes=\"(max-width: 1000px) 100vw, 1000px\" title=\"\">\t\t\t\t\t<\/div>\n\n\t\t\t\t\t\t<\/div>\n\t\t\t\t<\/div>\n\t\t\t\t<\/div>\n\t\t\t\t\t<\/div>\n\t\t\t\t<\/div>\n\t\t<div class=\"elementor-element elementor-element-7526a55 e-flex e-con-boxed e-con e-parent\" data-id=\"7526a55\" data-element_type=\"container\" data-e-type=\"container\">\n\t\t\t\t\t<div class=\"e-con-inner\">\n\t\t<div class=\"elementor-element elementor-element-fea4154 e-con-full e-flex e-con e-child\" data-id=\"fea4154\" data-element_type=\"container\" data-e-type=\"container\">\n\t\t\t\t<div class=\"elementor-element elementor-element-e279cdf elementor-widget elementor-widget-wd_text_block\" data-id=\"e279cdf\" data-element_type=\"widget\" data-e-type=\"widget\" data-widget_type=\"wd_text_block.default\">\n\t\t\t\t<div class=\"elementor-widget-container\">\n\t\t\t\t\t\t\t<div class=\"wd-text-block reset-last-child text-left\">\n\t\t\t\n\t\t\t<h3>\u2705 Kompletny zestaw<\/h3><ul><li>Akumulatorowa rama tn\u0105ca (pa\u0142\u0105k) Minova R20 18V<\/li><li>5 szt. zapasowych drut\u00f3w tn\u0105cych (wysokiej jako\u015bci Nichrom)<\/li><li>Szczeg\u00f3\u0142owa instrukcja obs\u0142ugi w j\u0119zyku polskim<\/li><li>2 adaptery (do wyboru - Makita, Bosch, Dewalt, Miluokee)<\/li><\/ul>\n\t\t\t\t\t<\/div>\n\t\t\t\t\t\t<\/div>\n\t\t\t\t<\/div>\n\t\t\t\t<\/div>\n\t\t<div class=\"elementor-element elementor-element-b68d97b e-con-full e-flex e-con e-child\" data-id=\"b68d97b\" data-element_type=\"container\" data-e-type=\"container\">\n\t\t\t\t<div class=\"elementor-element elementor-element-d24024a elementor-widget elementor-widget-wd_image_or_svg\" data-id=\"d24024a\" data-element_type=\"widget\" data-e-type=\"widget\" data-widget_type=\"wd_image_or_svg.default\">\n\t\t\t\t<div class=\"elementor-widget-container\">\n\t\t\t\t\t\n\t\t<div class=\"wd-image text-left\">\n\t\t\t\t\t\t\t\t<img loading=\"lazy\" decoding=\"async\" width=\"1600\" height=\"1600\" src=\"https:\/\/pro-cut.pl\/wp-content\/uploads\/2026\/04\/zestaw2.jpg\" class=\"attachment-full size-full\" alt=\"\" srcset=\"https:\/\/pro-cut.pl\/wp-content\/uploads\/2026\/04\/zestaw2.jpg 1600w, https:\/\/pro-cut.pl\/wp-content\/uploads\/2026\/04\/zestaw2-300x300.jpg 300w, https:\/\/pro-cut.pl\/wp-content\/uploads\/2026\/04\/zestaw2-1024x1024.jpg 1024w, https:\/\/pro-cut.pl\/wp-content\/uploads\/2026\/04\/zestaw2-150x150.jpg 150w, https:\/\/pro-cut.pl\/wp-content\/uploads\/2026\/04\/zestaw2-768x768.jpg 768w, https:\/\/pro-cut.pl\/wp-content\/uploads\/2026\/04\/zestaw2-1536x1536.jpg 1536w, https:\/\/pro-cut.pl\/wp-content\/uploads\/2026\/04\/zestaw2-12x12.jpg 12w, https:\/\/pro-cut.pl\/wp-content\/uploads\/2026\/04\/zestaw2-600x600.jpg 600w, https:\/\/pro-cut.pl\/wp-content\/uploads\/2026\/04\/zestaw2-1200x1200.jpg 1200w\" sizes=\"(max-width: 1600px) 100vw, 1600px\" title=\"\">\t\t\t\t\t<\/div>\n\n\t\t\t\t\t\t<\/div>\n\t\t\t\t<\/div>\n\t\t\t\t<\/div>\n\t\t\t\t\t<\/div>\n\t\t\t\t<\/div>\n\t\t<div class=\"wd-negative-gap elementor-element elementor-element-e23bea0 e-flex e-con-boxed e-con e-parent\" data-id=\"e23bea0\" data-element_type=\"container\" data-e-type=\"container\">\n\t\t\t\t\t<div class=\"e-con-inner\">\n\t\t<div class=\"elementor-element elementor-element-d753615 e-con-full e-flex e-con e-child\" data-id=\"d753615\" data-element_type=\"container\" data-e-type=\"container\">\n\t\t\t\t<div class=\"elementor-element elementor-element-f23bf43 elementor-widget elementor-widget-wd_text_block\" data-id=\"f23bf43\" data-element_type=\"widget\" data-e-type=\"widget\" data-widget_type=\"wd_text_block.default\">\n\t\t\t\t<div class=\"elementor-widget-container\">\n\t\t\t\t\t\t\t<div class=\"wd-text-block reset-last-child text-left\">\n\t\t\t\n\t\t\t<h2>Technical specifications:<\/h2>\n\t\t\t\t\t<\/div>\n\t\t\t\t\t\t<\/div>\n\t\t\t\t<\/div>\n\t\t\t\t<\/div>\n\t\t\t\t<div class=\"elementor-element elementor-element-54b93b6 elementor-widget elementor-widget-wd_table\" data-id=\"54b93b6\" data-element_type=\"widget\" data-e-type=\"widget\" data-widget_type=\"wd_table.default\">\n\t\t\t\t<div class=\"elementor-widget-container\">\n\t\t\t\t\t\t\t<div class=\"wd-el-table-wrap wd-reset-all-last\">\n\t\t\t<table class=\"wd-el-table\">\n\t\t\t\t\t\t\t\t\t<thead class=\"text-left\">\n\t\t\t\t\t\t\t\t\t\t\t\t\t\t\t\t\t\t\t\t\t\t\t\t\t\t\t\t\t\t<tr class=\"wd-table-row elementor-repeater-item-7d56782\">\n\t\t\t\t\t\t\t\t\t\t\t\t\t\t\t\t\t\t\t\t\t\t\t\t\t\t\t<\/tr>\n\t\t\t\t\t<\/thead>\n\t\t\t\t\n\t\t\t\t<tbody class=\"text-left\">\n\t\t\t\t\t\t\t\t\t\t\t\t\t\t\t\t\t\t\t\t\t\t\t\t\t\t<tr class=\"wd-table-row elementor-repeater-item-b00c995\">\n\t\t\t\t\t\t\t\t\t\t\t\t\t\t\t\t\t\t\t\t\t\t\t\t\t\t\t\t\t\t\t<td class=\"wd-table-cell elementor-repeater-item-9420185\" colspan=\"1\" rowspan=\"1\">\n\t\t\t\t\t\t\t<p><strong>Model:<\/strong><\/p>\t\t\t\t\t\t\t<\/td>\n\t\t\t\t\t\t\t\t\t\t\t\t\t\t\t\t\t\t\t\t\t\t\t\t<td class=\"wd-table-cell elementor-repeater-item-38ed803\" colspan=\"1\" rowspan=\"1\">\n\t\t\t\t\t\t\t<p>Minova R20 (Rami\u0119 akumulatorowe)<\/p>\t\t\t\t\t\t\t<\/td>\n\t\t\t\t\t\t\t\t\t\t\t\t\t\t\t\t\t\t\t\t\t\t\t\t\t\t\t\t\t\t\t\t<\/tr>\n\t\t\t\t\t\t\t\t<tr class=\"wd-table-row elementor-repeater-item-cdccbfe\">\n\t\t\t\t\t\t\t\t\t\t\t\t\t\t\t\t\t\t\t\t\t\t\t\t\t\t\t\t\t\t\t<td class=\"wd-table-cell elementor-repeater-item-837e819\" colspan=\"1\" rowspan=\"1\">\n\t\t\t\t\t\t\t<p><strong>SKU:<\/strong><\/p>\t\t\t\t\t\t\t<\/td>\n\t\t\t\t\t\t\t\t\t\t\t\t\t\t\t\t\t\t\t\t\t\t\t\t<td class=\"wd-table-cell elementor-repeater-item-95476fb\" colspan=\"1\" rowspan=\"1\">\n\t\t\t\t\t\t\t<p>MV-P-R20<\/p>\t\t\t\t\t\t\t<\/td>\n\t\t\t\t\t\t\t\t\t\t\t\t\t\t\t\t\t\t\t\t\t\t\t\t\t\t\t\t\t\t\t\t<\/tr>\n\t\t\t\t\t\t\t\t<tr class=\"wd-table-row elementor-repeater-item-2fb0920\">\n\t\t\t\t\t\t\t\t\t\t\t\t\t\t\t\t\t\t\t\t\t\t\t\t\t\t\t\t\t\t\t<td class=\"wd-table-cell elementor-repeater-item-06fb2a1\" colspan=\"1\" rowspan=\"1\">\n\t\t\t\t\t\t\t<p><strong>Power supply:<\/strong><\/p>\t\t\t\t\t\t\t<\/td>\n\t\t\t\t\t\t\t\t\t\t\t\t\t\t\t\t\t\t\t\t\t\t\t\t<td class=\"wd-table-cell elementor-repeater-item-1a760c6\" colspan=\"1\" rowspan=\"1\">\n\t\t\t\t\t\t\t<p>Akumulatorowe 18V<\/p><div id=\"simple-translate\" class=\"simple-translate-system-theme\"><div><div class=\"simple-translate-button isShow\" style=\"height: 22px;width: 22px;top: 19px;left: -34px\">\u00a0<\/div><div class=\"simple-translate-panel\" style=\"width: 300px;height: 200px;top: 0px;left: 0px;font-size: 13px\"><div class=\"simple-translate-result-wrapper\" style=\"overflow: hidden\"><div class=\"simple-translate-move\">\u00a0<\/div><div class=\"simple-translate-result-contents\"><p class=\"simple-translate-result\" dir=\"auto\">\u00a0<\/p><p class=\"simple-translate-candidate\" dir=\"auto\">\u00a0<\/p><\/div><\/div><\/div><\/div><\/div>\t\t\t\t\t\t\t<\/td>\n\t\t\t\t\t\t\t\t\t\t\t\t\t\t\t\t\t\t\t\t\t\t\t\t\t\t\t\t\t\t\t\t<\/tr>\n\t\t\t\t\t\t\t\t<tr class=\"wd-table-row elementor-repeater-item-4f90d17\">\n\t\t\t\t\t\t\t\t\t\t\t\t\t\t\t\t\t\t\t\t\t\t\t\t\t\t\t\t\t\t\t<td class=\"wd-table-cell elementor-repeater-item-00c7e0e\" colspan=\"1\" rowspan=\"1\">\n\t\t\t\t\t\t\t<p><strong>Maximum cutting length:<\/strong><\/p>\t\t\t\t\t\t\t<\/td>\n\t\t\t\t\t\t\t\t\t\t\t\t\t\t\t\t\t\t\t\t\t\t\t\t<td class=\"wd-table-cell elementor-repeater-item-f2d0dfa\" colspan=\"1\" rowspan=\"1\">\n\t\t\t\t\t\t\t<p>1360 mm (136 cm)<\/p><div id=\"simple-translate\" class=\"simple-translate-system-theme\"><div><div class=\"simple-translate-button isShow\" style=\"height: 22px;width: 22px;top: 33px;left: -21px\">\u00a0<\/div><div class=\"simple-translate-panel\" style=\"width: 300px;height: 200px;top: 0px;left: 0px;font-size: 13px\"><div class=\"simple-translate-result-wrapper\" style=\"overflow: hidden\"><div class=\"simple-translate-move\">\u00a0<\/div><div class=\"simple-translate-result-contents\"><p class=\"simple-translate-result\" dir=\"auto\">\u00a0<\/p><p class=\"simple-translate-candidate\" dir=\"auto\">\u00a0<\/p><\/div><\/div><\/div><\/div><\/div>\t\t\t\t\t\t\t<\/td>\n\t\t\t\t\t\t\t\t\t\t\t\t\t\t\t\t\t\t\t\t\t\t\t\t\t\t\t\t\t\t\t\t<\/tr>\n\t\t\t\t\t\t\t\t<tr class=\"wd-table-row elementor-repeater-item-d834141\">\n\t\t\t\t\t\t\t\t\t\t\t\t\t\t\t\t\t\t\t\t\t\t\t\t\t\t\t\t\t\t\t<td class=\"wd-table-cell elementor-repeater-item-41c4ecd\" colspan=\"1\" rowspan=\"1\">\n\t\t\t\t\t\t\t<p><strong>Maximum cutting height:<\/strong><\/p>\t\t\t\t\t\t\t<\/td>\n\t\t\t\t\t\t\t\t\t\t\t\t\t\t\t\t\t\t\t\t\t\t\t\t<td class=\"wd-table-cell elementor-repeater-item-91748bd\" colspan=\"1\" rowspan=\"1\">\n\t\t\t\t\t\t\t<p>330 mm (33 cm)<\/p>\t\t\t\t\t\t\t<\/td>\n\t\t\t\t\t\t\t\t\t\t\t\t\t\t\t\t\t\t\t\t\t\t\t\t\t\t\t\t\t\t\t\t<\/tr>\n\t\t\t\t\t\t\t\t<tr class=\"wd-table-row elementor-repeater-item-0104d14\">\n\t\t\t\t\t\t\t\t\t\t\t\t\t\t\t\t\t\t\t\t\t\t\t\t\t\t\t\t\t\t\t<td class=\"wd-table-cell elementor-repeater-item-3032ed3\" colspan=\"1\" rowspan=\"1\">\n\t\t\t\t\t\t\t<p><strong>Weight:<\/strong><\/p>\t\t\t\t\t\t\t<\/td>\n\t\t\t\t\t\t\t\t\t\t\t\t\t\t\t\t\t\t\t\t\t\t\t\t<td class=\"wd-table-cell elementor-repeater-item-63eeb8a\" colspan=\"1\" rowspan=\"1\">\n\t\t\t\t\t\t\t<p>1,4kg<\/p>\t\t\t\t\t\t\t<\/td>\n\t\t\t\t\t\t\t\t\t\t\t\t\t\t\t\t\t\t\t\t\t\t\t\t\t\t\t\t\t\t\t\t<\/tr>\n\t\t\t\t\t\t\t\t<tr class=\"wd-table-row elementor-repeater-item-2b7f029\">\n\t\t\t\t\t\t\t\t\t\t\t\t\t\t\t\t\t\t\t\t\t\t\t\t\t\t\t\t\t\t\t<td class=\"wd-table-cell elementor-repeater-item-7304c80\" colspan=\"1\" rowspan=\"1\">\n\t\t\t\t\t\t\t<p><strong>Przeznaczenie:<\/strong><\/p>\t\t\t\t\t\t\t<\/td>\n\t\t\t\t\t\t\t\t\t\t\t\t\t\t\t\t\t\t\t\t\t\t\t\t<td class=\"wd-table-cell elementor-repeater-item-5149656\" colspan=\"1\" rowspan=\"1\">\n\t\t\t\t\t\t\t<p>Ci\u0119cie EPS (styropian), XPS (styrodur)<\/p>\t\t\t\t\t\t\t<\/td>\n\t\t\t\t\t\t\t\t\t\t\t\t\t\t\t\t<\/tr>\n\t\t\t\t<\/tbody>\n\t\t\t<\/table>\n\t\t<\/div>\n\t\t\t\t\t\t<\/div>\n\t\t\t\t<\/div>\n\t\t\t\t\t<\/div>\n\t\t\t\t<\/div>\n\t\t\t\t<\/div>","protected":false},"excerpt":{"rendered":"<p data-path-to-node=\"6\">Idealne uzupe\u0142nienie du\u017cej przecinarki standardowej i absolutny ratunek w ciasnych miejscach. Minova R20 to ultralekka, r\u0119czna rama tn\u0105ca (pa\u0142\u0105k) zasilana akumulatorem 18V. Zapomnij o wci\u0105ganiu przed\u0142u\u017caczy na najwy\u017csze pi\u0119tra rusztowania. B\u0142yskawicznie wytniesz ni\u0105 \u201eeLki\u201d pod parapety, dopasujesz izolacj\u0119 w naro\u017cnikach i dotniesz p\u0142yty tam, gdzie nie zmie\u015bci si\u0119 stacjonarna maszyna.<\/p>\n<p data-path-to-node=\"6\"><strong>\u2713 Zasilanie akumulatorowe 18V \u2713 Pot\u0119\u017cny zakres ci\u0119cia: 136 x 33 cm \u2713 W 100% spawana rama ALU \u2713 Ultralekka i por\u0119czna<\/strong><\/p>","protected":false},"featured_media":3864,"comment_status":"open","ping_status":"closed","template":"","meta":{"_acf_changed":false},"product_brand":[],"product_cat":[76,87],"product_tag":[],"class_list":{"0":"post-3863","1":"product","2":"type-product","3":"status-publish","4":"has-post-thumbnail","6":"product_cat-noze-do-welny","7":"product_cat-ciecie-welny-i-pianek-pir-pur","8":"product_shipping_class-gabaryt-maly","10":"first","11":"instock","12":"sale","13":"taxable","14":"shipping-taxable","15":"purchasable","16":"product-type-simple"},"bundled_by":[],"bundle_stock_status":"instock","bundle_stock_quantity":null,"bundle_virtual":false,"bundle_layout":"","bundle_add_to_cart_form_location":"","bundle_editable_in_cart":false,"bundle_sold_individually_context":"","bundle_item_grouping":"","bundle_min_size":"","bundle_max_size":"","bundle_price":[],"bundled_items":[],"bundle_sell_ids":[],"acf":[],"_links":{"self":[{"href":"https:\/\/pro-cut.pl\/en\/wp-json\/wp\/v2\/product\/3863","targetHints":{"allow":["GET"]}}],"collection":[{"href":"https:\/\/pro-cut.pl\/en\/wp-json\/wp\/v2\/product"}],"about":[{"href":"https:\/\/pro-cut.pl\/en\/wp-json\/wp\/v2\/types\/product"}],"replies":[{"embeddable":true,"href":"https:\/\/pro-cut.pl\/en\/wp-json\/wp\/v2\/comments?post=3863"}],"version-history":[{"count":5,"href":"https:\/\/pro-cut.pl\/en\/wp-json\/wp\/v2\/product\/3863\/revisions"}],"predecessor-version":[{"id":3873,"href":"https:\/\/pro-cut.pl\/en\/wp-json\/wp\/v2\/product\/3863\/revisions\/3873"}],"wp:featuredmedia":[{"embeddable":true,"href":"https:\/\/pro-cut.pl\/en\/wp-json\/wp\/v2\/media\/3864"}],"wp:attachment":[{"href":"https:\/\/pro-cut.pl\/en\/wp-json\/wp\/v2\/media?parent=3863"}],"wp:term":[{"taxonomy":"product_brand","embeddable":true,"href":"https:\/\/pro-cut.pl\/en\/wp-json\/wp\/v2\/product_brand?post=3863"},{"taxonomy":"product_cat","embeddable":true,"href":"https:\/\/pro-cut.pl\/en\/wp-json\/wp\/v2\/product_cat?post=3863"},{"taxonomy":"product_tag","embeddable":true,"href":"https:\/\/pro-cut.pl\/en\/wp-json\/wp\/v2\/product_tag?post=3863"}],"curies":[{"name":"wp","href":"https:\/\/api.w.org\/{rel}","templated":true}]}}