{"id":1531,"date":"2025-07-03T18:09:20","date_gmt":"2025-07-03T18:09:20","guid":{"rendered":"https:\/\/pro-cut.pl\/?post_type=product&#038;p=1531"},"modified":"2026-04-09T20:53:43","modified_gmt":"2026-04-09T18:53:43","slug":"20-szt-drutow-oporowych-nicr80-20-do-przecinarki-minova-pro-130cm-260w","status":"publish","type":"product","link":"https:\/\/pro-cut.pl\/hu\/product\/20-szt-drutow-oporowych-nicr80-20-do-przecinarki-minova-pro-130cm-260w\/","title":{"rendered":"20 db NiCr80\/20 ellen\u00e1ll\u00e1shuzal Minova Pro 130cm 260W-os v\u00e1g\u00f3g\u00e9phez"},"content":{"rendered":"","protected":false},"excerpt":{"rendered":"<p>Komplet 20 sztuk drutu oporowego do przecinarki Minova Pro 130cm 260W.<\/p>","protected":false},"featured_media":1528,"comment_status":"open","ping_status":"closed","template":"","meta":{"_acf_changed":false},"product_brand":[],"product_cat":[97,82,75,61],"product_tag":[],"class_list":{"0":"post-1531","1":"product","2":"type-product","3":"status-publish","4":"has-post-thumbnail","6":"product_cat-akcesoria-2","7":"product_cat-ciecie-styropianu-i-styroduru-xps-eps","8":"product_cat-drut-oporowy","9":"product_cat-akcesoria","10":"product_shipping_class-gabaryt-maly","12":"first","13":"instock","14":"sale","15":"taxable","16":"shipping-taxable","17":"purchasable","18":"product-type-simple"},"bundled_by":[],"bundle_stock_status":"instock","bundle_stock_quantity":94,"bundle_virtual":false,"bundle_layout":"","bundle_add_to_cart_form_location":"","bundle_editable_in_cart":false,"bundle_sold_individually_context":"","bundle_item_grouping":"","bundle_min_size":"","bundle_max_size":"","bundle_price":[],"bundled_items":[],"bundle_sell_ids":[],"acf":[],"_links":{"self":[{"href":"https:\/\/pro-cut.pl\/hu\/wp-json\/wp\/v2\/product\/1531","targetHints":{"allow":["GET"]}}],"collection":[{"href":"https:\/\/pro-cut.pl\/hu\/wp-json\/wp\/v2\/product"}],"about":[{"href":"https:\/\/pro-cut.pl\/hu\/wp-json\/wp\/v2\/types\/product"}],"replies":[{"embeddable":true,"href":"https:\/\/pro-cut.pl\/hu\/wp-json\/wp\/v2\/comments?post=1531"}],"version-history":[{"count":4,"href":"https:\/\/pro-cut.pl\/hu\/wp-json\/wp\/v2\/product\/1531\/revisions"}],"predecessor-version":[{"id":2387,"href":"https:\/\/pro-cut.pl\/hu\/wp-json\/wp\/v2\/product\/1531\/revisions\/2387"}],"wp:featuredmedia":[{"embeddable":true,"href":"https:\/\/pro-cut.pl\/hu\/wp-json\/wp\/v2\/media\/1528"}],"wp:attachment":[{"href":"https:\/\/pro-cut.pl\/hu\/wp-json\/wp\/v2\/media?parent=1531"}],"wp:term":[{"taxonomy":"product_brand","embeddable":true,"href":"https:\/\/pro-cut.pl\/hu\/wp-json\/wp\/v2\/product_brand?post=1531"},{"taxonomy":"product_cat","embeddable":true,"href":"https:\/\/pro-cut.pl\/hu\/wp-json\/wp\/v2\/product_cat?post=1531"},{"taxonomy":"product_tag","embeddable":true,"href":"https:\/\/pro-cut.pl\/hu\/wp-json\/wp\/v2\/product_tag?post=1531"}],"curies":[{"name":"wp","href":"https:\/\/api.w.org\/{rel}","templated":true}]}}