{"id":1690,"date":"2025-07-15T17:34:24","date_gmt":"2025-07-15T17:34:24","guid":{"rendered":"https:\/\/pro-cut.pl\/?post_type=product&#038;p=1690"},"modified":"2026-04-09T20:53:41","modified_gmt":"2026-04-09T18:53:41","slug":"zasilacz-260w-do-przecinarki-minova-pro","status":"publish","type":"product","link":"https:\/\/pro-cut.pl\/hu\/product\/zasilacz-260w-do-przecinarki-minova-pro\/","title":{"rendered":"260W-os t\u00e1pegys\u00e9g a Minova Pro v\u00e1g\u00f3g\u00e9phez"},"content":{"rendered":"","protected":false},"excerpt":{"rendered":"<p>Oryginalny, ch\u0142odzony powietrzem zasilacz do przecinarki Minova Pro 260W<\/p>","protected":false},"featured_media":1696,"comment_status":"open","ping_status":"closed","template":"","meta":{"_acf_changed":false},"product_brand":[],"product_cat":[97,82,61],"product_tag":[],"class_list":{"0":"post-1690","1":"product","2":"type-product","3":"status-publish","4":"has-post-thumbnail","6":"product_cat-akcesoria-2","7":"product_cat-ciecie-styropianu-i-styroduru-xps-eps","8":"product_cat-akcesoria","9":"product_shipping_class-gabaryt-maly","11":"first","12":"instock","13":"taxable","14":"shipping-taxable","15":"purchasable","16":"product-type-simple"},"bundled_by":[],"bundle_stock_status":"instock","bundle_stock_quantity":99,"bundle_virtual":false,"bundle_layout":"","bundle_add_to_cart_form_location":"","bundle_editable_in_cart":false,"bundle_sold_individually_context":"","bundle_item_grouping":"","bundle_min_size":"","bundle_max_size":"","bundle_price":[],"bundled_items":[],"bundle_sell_ids":[],"acf":[],"_links":{"self":[{"href":"https:\/\/pro-cut.pl\/hu\/wp-json\/wp\/v2\/product\/1690","targetHints":{"allow":["GET"]}}],"collection":[{"href":"https:\/\/pro-cut.pl\/hu\/wp-json\/wp\/v2\/product"}],"about":[{"href":"https:\/\/pro-cut.pl\/hu\/wp-json\/wp\/v2\/types\/product"}],"replies":[{"embeddable":true,"href":"https:\/\/pro-cut.pl\/hu\/wp-json\/wp\/v2\/comments?post=1690"}],"version-history":[{"count":1,"href":"https:\/\/pro-cut.pl\/hu\/wp-json\/wp\/v2\/product\/1690\/revisions"}],"predecessor-version":[{"id":1697,"href":"https:\/\/pro-cut.pl\/hu\/wp-json\/wp\/v2\/product\/1690\/revisions\/1697"}],"wp:featuredmedia":[{"embeddable":true,"href":"https:\/\/pro-cut.pl\/hu\/wp-json\/wp\/v2\/media\/1696"}],"wp:attachment":[{"href":"https:\/\/pro-cut.pl\/hu\/wp-json\/wp\/v2\/media?parent=1690"}],"wp:term":[{"taxonomy":"product_brand","embeddable":true,"href":"https:\/\/pro-cut.pl\/hu\/wp-json\/wp\/v2\/product_brand?post=1690"},{"taxonomy":"product_cat","embeddable":true,"href":"https:\/\/pro-cut.pl\/hu\/wp-json\/wp\/v2\/product_cat?post=1690"},{"taxonomy":"product_tag","embeddable":true,"href":"https:\/\/pro-cut.pl\/hu\/wp-json\/wp\/v2\/product_tag?post=1690"}],"curies":[{"name":"wp","href":"https:\/\/api.w.org\/{rel}","templated":true}]}}