{"id":2421,"date":"2025-09-29T18:36:06","date_gmt":"2025-09-29T16:36:06","guid":{"rendered":"https:\/\/pro-cut.pl\/?page_id=2421"},"modified":"2025-09-30T11:52:00","modified_gmt":"2025-09-30T09:52:00","slug":"serwis","status":"publish","type":"page","link":"https:\/\/pro-cut.pl\/ro\/serwis\/","title":{"rendered":"Service"},"content":{"rendered":"<div data-elementor-type=\"wp-page\" data-elementor-id=\"2421\" class=\"elementor elementor-2421\" data-elementor-post-type=\"page\">\n\t\t\t\t<div class=\"elementor-element elementor-element-bcdde19 condense-p e-flex e-con-boxed e-con e-parent\" data-id=\"bcdde19\" data-element_type=\"container\" data-e-type=\"container\">\n\t\t\t\t\t<div class=\"e-con-inner\">\n\t\t<div class=\"elementor-element elementor-element-f69df10 e-con-full e-flex e-con e-child\" data-id=\"f69df10\" data-element_type=\"container\" data-e-type=\"container\">\n\t\t\t\t<div class=\"elementor-element elementor-element-f577d68 elementor-widget elementor-widget-wd_text_block\" data-id=\"f577d68\" data-element_type=\"widget\" data-e-type=\"widget\" data-widget_type=\"wd_text_block.default\">\n\t\t\t\t<div class=\"elementor-widget-container\">\n\t\t\t\t\t\t\t<div class=\"wd-text-block reset-last-child text-left\">\n\t\t\t\n\t\t\t<h1>Serwis Procut i Minova<\/h1>\n<strong data-start=\"168\" data-end=\"199\">Gwarancyjny i pogwarancyjny<\/strong><br data-start=\"199\" data-end=\"202\" \/>Produkty Minova obj\u0119te s\u0105 pe\u0142n\u0105 ochron\u0105 serwisow\u0105. Oferujemy szybkie naprawy zar\u00f3wno w okresie gwarancji, jak i po jej zako\u0144czeniu \u2013 zawsze z dost\u0119pem do oryginalnych cz\u0119\u015bci zamiennych.\n<br>\n\ud83d\udce7 <a class=\"decorated-link cursor-pointer\" style=\"color: #0049a3;\" href=\"mailto:serwis@pro-cut.pl\" rel=\"noopener\" data-start=\"1106\" data-end=\"1122\">serwis@pro-cut.pl<\/a> | \ud83d\udcde <a style=\"color: #0049a3;\" href=\"tel:660020443\">+48 660020443<\/a>\n\t\t\t\t\t<\/div>\n\t\t\t\t\t\t<\/div>\n\t\t\t\t<\/div>\n\t\t\t\t<div class=\"elementor-element elementor-element-464da4a elementor-widget elementor-widget-wd_text_block\" data-id=\"464da4a\" data-element_type=\"widget\" data-e-type=\"widget\" data-widget_type=\"wd_text_block.default\">\n\t\t\t\t<div class=\"elementor-widget-container\">\n\t\t\t\t\t\t\t<div class=\"wd-text-block reset-last-child text-left\">\n\t\t\t\n\t\t\t<h3>\u2705 Serwis Gwarancyjny<\/h3><ul><li>Produkty Minova obj\u0119te s\u0105 pe\u0142n\u0105 gwarancj\u0105 realizowan\u0105 przez Procut.\u00a0Czas trwania gwarancji wynosi 12 miesi\u0119cy.<\/li><li>Wszystkie zg\u0142oszenia obs\u0142ugujemy przez prosty i szybki formularz serwisowy online.<\/li><li>Czas rozpatrzenia: 14 dni roboczych (do 28 dni przy bardziej skomplikowanych naprawach).<\/li><\/ul>\n\t\t\t\t\t<\/div>\n\t\t\t\t\t\t<\/div>\n\t\t\t\t<\/div>\n\t\t\t\t<div class=\"elementor-element elementor-element-70ad543 elementor-widget elementor-widget-wd_text_block\" data-id=\"70ad543\" data-element_type=\"widget\" data-e-type=\"widget\" data-widget_type=\"wd_text_block.default\">\n\t\t\t\t<div class=\"elementor-widget-container\">\n\t\t\t\t\t\t\t<div class=\"wd-text-block reset-last-child text-left\">\n\t\t\t\n\t\t\t<h3>\ud83d\udee0\ufe0f Serwis Pogwarancyjny<\/h3><p>Sprz\u0119t Minova pozostaje pod nasz\u0105 opiek\u0105 tak\u017ce po zako\u0144czeniu okresu gwarancji.<\/p><ul><li>Oferujemy szybkie diagnozy i naprawy.<\/li><li>Zapewniamy pe\u0142en dost\u0119p do <strong>oryginalnych cz\u0119\u015bci zamiennych.<\/strong><\/li><li>Przejrzyste zasady i szybka realizacja.<\/li><\/ul>\n\t\t\t\t\t<\/div>\n\t\t\t\t\t\t<\/div>\n\t\t\t\t<\/div>\n\t\t\t\t<div class=\"elementor-element elementor-element-0e22e93 elementor-widget elementor-widget-wd_text_block\" data-id=\"0e22e93\" data-element_type=\"widget\" data-e-type=\"widget\" data-widget_type=\"wd_text_block.default\">\n\t\t\t\t<div class=\"elementor-widget-container\">\n\t\t\t\t\t\t\t<div class=\"wd-text-block reset-last-child text-left\">\n\t\t\t\n\t\t\t<p><strong>Wyj\u0105tki od gwarancji<\/strong><br \/>Cz\u0119\u015bci urz\u0105dzenia zu\u017cywaj\u0105ce si\u0119 naturalnie. <br \/>Uszkodzenia wynik\u0142e z przyczyn zewn\u0119trznych, np. katastrof naturalnych.<br \/>Produkty naprawiane lub modyfikowane przez osoby nieuprawnione.<\/p><p><strong>Odpowiedzialno\u015b\u0107<\/strong><br \/>Dystrybutor nie ponosi odpowiedzialno\u015bci za straty wynikaj\u0105ce z usterki produktu.<\/p><p><strong>Porady eksploatacyjne<\/strong><br \/>Aby unikn\u0105\u0107 potencjalnych problem\u00f3w, zach\u0119camy do zapoznania si\u0119 z instrukcj\u0105 obs\u0142ugi oraz do regularnej konserwacji narz\u0119dzi. Dodatkowo zach\u0119camy do odwiedzenia naszego bloga, gdzie udzielamy porad zwi\u0105zanych z u\u017cytkowaniem naszego sprz\u0119tu.<\/p>\n\t\t\t\t\t<\/div>\n\t\t\t\t\t\t<\/div>\n\t\t\t\t<\/div>\n\t\t\t\t<\/div>\n\t\t<div class=\"elementor-element elementor-element-5f8e2a2 e-con-full e-flex e-con e-child\" data-id=\"5f8e2a2\" data-element_type=\"container\" data-e-type=\"container\">\n\t\t\t\t<div class=\"elementor-element elementor-element-0097f68 elementor-widget elementor-widget-wd_text_block\" data-id=\"0097f68\" data-element_type=\"widget\" data-e-type=\"widget\" data-widget_type=\"wd_text_block.default\">\n\t\t\t\t<div class=\"elementor-widget-container\">\n\t\t\t\t\t\t\t<div class=\"wd-text-block reset-last-child text-left\">\n\t\t\t\n\t\t\t<h2>Zg\u0142o\u015b reklamacj\u0119<\/h2>\n<div class=\"wpcf7 no-js\" id=\"wpcf7-f2442-o1\" lang=\"pl-PL\" dir=\"ltr\" data-wpcf7-id=\"2442\">\n<div class=\"screen-reader-response\"><p role=\"status\" aria-live=\"polite\" aria-atomic=\"true\"><\/p> <ul><\/ul><\/div>\n<form action=\"\/ro\/wp-json\/wp\/v2\/pages\/2421#wpcf7-f2442-o1\" method=\"post\" class=\"wpcf7-form init\" aria-label=\"Formularz kontaktowy\" novalidate=\"novalidate\" data-status=\"init\" data-trp-original-action=\"\/ro\/wp-json\/wp\/v2\/pages\/2421#wpcf7-f2442-o1\">\n<fieldset class=\"hidden-fields-container\"><input type=\"hidden\" name=\"_wpcf7\" value=\"2442\" \/><input type=\"hidden\" name=\"_wpcf7_version\" value=\"6.1.5\" \/><input type=\"hidden\" name=\"_wpcf7_locale\" value=\"pl_PL\" \/><input type=\"hidden\" name=\"_wpcf7_unit_tag\" value=\"wpcf7-f2442-o1\" \/><input type=\"hidden\" name=\"_wpcf7_container_post\" value=\"0\" \/><input type=\"hidden\" name=\"_wpcf7_posted_data_hash\" value=\"\" \/><input type=\"hidden\" name=\"_wpcf7_recaptcha_response\" value=\"\" \/>\n<\/fieldset>\n<div class=\"serwis-form\">\n\t<p class=\"p-header\">Urz\u0105dzenie i opis problemu\n\t<\/p>\n\t<p><br \/>\n<label for=\"model\">Model (wymagane)<br \/>\n<span class=\"wpcf7-form-control-wrap\" data-name=\"model\"><select class=\"wpcf7-form-control wpcf7-select wpcf7-validates-as-required\" id=\"model\" aria-required=\"true\" aria-invalid=\"false\" name=\"model\"><option value=\"\">&#8212;Prosz\u0119 wybra\u0107 opcj\u0119&#8212;<\/option><option value=\"\u2014 wybierz \u2014\">\u2014 wybierz \u2014<\/option><option value=\"Minova PRO 260W\">Minova PRO 260W<\/option><option value=\"N\u00f3\u017c termiczny Minova SP-7Y\">N\u00f3\u017c termiczny Minova SP-7Y<\/option><option value=\"Procut Base 108\">Procut Base 108<\/option><\/select><\/span><br \/>\n<\/label>\n\t<\/p>\n\t<p><br \/>\n<label for=\"serial-number\">Numer seryjny (wymagane)<br \/>\n<span class=\"wpcf7-form-control-wrap\" data-name=\"serial-number\"><input size=\"40\" maxlength=\"400\" class=\"wpcf7-form-control wpcf7-text wpcf7-validates-as-required\" id=\"serial-number\" aria-required=\"true\" aria-invalid=\"false\" placeholder=\"np. KD51-2025-000123\" value=\"\" type=\"text\" name=\"serial-number\" \/><\/span><br \/>\n<\/label>\n\t<\/p>\n\t<p><br \/>\n<label for=\"damage\">Opisz uszkodzenia (wymagane)<br \/>\n<span class=\"wpcf7-form-control-wrap\" data-name=\"damage\"><textarea cols=\"40\" rows=\"10\" maxlength=\"2000\" class=\"wpcf7-form-control wpcf7-textarea wpcf7-validates-as-required\" id=\"damage\" aria-required=\"true\" aria-invalid=\"false\" placeholder=\"Kr\u00f3tki opis objaw\u00f3w, kiedy wyst\u0119puj\u0105, warunki pracy itp.\" name=\"damage\"><\/textarea><\/span><br \/>\n<\/label>\n\t<\/p>\n\t<p><br \/>\n<label for=\"repair-type\">Rodzaj naprawy (wymagane)<br \/>\n<span class=\"wpcf7-form-control-wrap\" data-name=\"repair-type\"><select class=\"wpcf7-form-control wpcf7-select wpcf7-validates-as-required\" id=\"repair-type\" aria-required=\"true\" aria-invalid=\"false\" name=\"repair-type\"><option value=\"\">&#8212;Prosz\u0119 wybra\u0107 opcj\u0119&#8212;<\/option><option value=\"\u2014 wybierz \u2014\">\u2014 wybierz \u2014<\/option><option value=\"Gwarancyjna\">Gwarancyjna<\/option><option value=\"Pogwarancyjna\">Pogwarancyjna<\/option><\/select><\/span><br \/>\n<\/label>\n\t<\/p>\n\n <!-- DATA ZAKUPU \u2013 ukryta, pokazuje si\u0119 tylko przy Gwarancyjnej -->\n\t<div id=\"warranty-date-section\" style=\"display:none; margin: .5rem 0 1rem;\">\n\t\t<p><label for=\"purchase-date\">Data zakupu urz\u0105dzenia (wymagane przy naprawie gwarancyjnej)<br \/>\n<span class=\"wpcf7-form-control-wrap\" data-name=\"purchase-date\"><input class=\"wpcf7-form-control wpcf7-date wpcf7-validates-as-date\" id=\"purchase-date\" min=\"2000-01-01\" max=\"2026-05-03\" aria-invalid=\"false\" value=\"\" type=\"date\" name=\"purchase-date\" \/><\/span><br \/>\n<\/label>\n\t\t<\/p>\n\t<\/div>\n\n <!-- TWOJE DANE \u2013 w 2 kolumnach -->\n\t<div id=\"your-data-section\" style=\"display:none; margin-top:1rem;\">\n\t\t<p class=\"p-header\">Twoje dane\n\t\t<\/p>\n\t\t<div class=\"grid-two\">\n\t\t\t<p><br \/>\n<label for=\"first-name\">Imi\u0119<br \/>\n<span class=\"wpcf7-form-control-wrap\" data-name=\"first-name\"><input size=\"40\" maxlength=\"400\" class=\"wpcf7-form-control wpcf7-text\" id=\"first-name\" aria-invalid=\"false\" value=\"\" type=\"text\" name=\"first-name\" \/><\/span><br \/>\n<\/label>\n\t\t\t<\/p>\n\t\t\t<p><br \/>\n<label for=\"last-name\">Nazwisko<br \/>\n<span class=\"wpcf7-form-control-wrap\" data-name=\"last-name\"><input size=\"40\" maxlength=\"400\" class=\"wpcf7-form-control wpcf7-text\" id=\"last-name\" aria-invalid=\"false\" value=\"\" type=\"text\" name=\"last-name\" \/><\/span><br \/>\n<\/label>\n\t\t\t<\/p>\n\t\t\t<p><br \/>\n<label for=\"company\">Nazwa firmy (wymagane)<br \/>\n<span class=\"wpcf7-form-control-wrap\" data-name=\"company\"><input size=\"40\" maxlength=\"400\" class=\"wpcf7-form-control wpcf7-text wpcf7-validates-as-required\" id=\"company\" aria-required=\"true\" aria-invalid=\"false\" value=\"\" type=\"text\" name=\"company\" \/><\/span><br \/>\n<\/label>\n\t\t\t<\/p>\n\t\t\t<p><br \/>\n<label for=\"nip\">NIP (wymagane)<br \/>\n<span class=\"wpcf7-form-control-wrap\" data-name=\"nip\"><input size=\"40\" maxlength=\"400\" class=\"wpcf7-form-control wpcf7-text wpcf7-validates-as-required\" id=\"nip\" aria-required=\"true\" aria-invalid=\"false\" placeholder=\"bez spacji\" value=\"\" type=\"text\" name=\"nip\" \/><\/span><br \/>\n<\/label>\n\t\t\t<\/p>\n\t\t\t<p><br \/>\n<label for=\"your-email\">E-mail (wymagane)<br \/>\n<span class=\"wpcf7-form-control-wrap\" data-name=\"your-email\"><input size=\"40\" maxlength=\"400\" class=\"wpcf7-form-control wpcf7-email wpcf7-validates-as-required wpcf7-text wpcf7-validates-as-email\" id=\"your-email\" aria-required=\"true\" aria-invalid=\"false\" value=\"\" type=\"email\" name=\"your-email\" \/><\/span><br \/>\n<\/label>\n\t\t\t<\/p>\n\t\t\t<p><br \/>\n<label for=\"your-phone\">Telefon (wymagane)<br \/>\n<span class=\"wpcf7-form-control-wrap\" data-name=\"your-phone\"><input size=\"40\" maxlength=\"400\" class=\"wpcf7-form-control wpcf7-tel wpcf7-validates-as-required wpcf7-text wpcf7-validates-as-tel\" id=\"your-phone\" aria-required=\"true\" aria-invalid=\"false\" placeholder=\"+48 600 000 000\" value=\"\" type=\"tel\" name=\"your-phone\" \/><\/span><br \/>\n<\/label>\n\t\t\t<\/p>\n\t\t<\/div>\n\t<\/div>\n\n <!-- ZGODY bez checkbox\u00f3w -->\n\t<p>Akceptuj\u0119 <a href=\"https:\/\/pro-cut.pl\/ro\/regulamin\/\" target=\"_blank\" rel=\"noopener\">regulamin \u015bwiadczenia us\u0142ug serwisowych<\/a>.\n\t<\/p>\n\t<p>Zapozna\u0142em\/am si\u0119 z <a href=\"https:\/\/pro-cut.pl\/ro\/polityka-prywatnosci\/\" target=\"_blank\" rel=\"noopener\">informacj\u0105 o przetwarzaniu danych (RODO)<\/a>.\n\t<\/p>\n\t<p><input class=\"wpcf7-form-control wpcf7-submit has-spinner\" type=\"submit\" value=\"Wy\u015blij zg\u0142oszenie serwisowe\" \/>\n\t<\/p>\n<\/div>\n<style>\n .serwis-form .grid-two {\n display: grid;\n grid-template-columns: 1fr 1fr;\n gap: 16px;\n }\n @media (max-width:768px){\n .serwis-form .grid-two { grid-template-columns:1fr; }\n }\n .serwis-form label {\n display:block;\n font-weight:500;\n margin-bottom:8px;\n }\n .serwis-form input, \n .serwis-form select, \n .serwis-form textarea {\n width:100%;\n box-sizing:border-box;\n }\n.serwis-form br{\ndisplay:none;\n}\np.p-header{\nheight: 44px;\n width: 100%;\n background-color: #0c1a2c;\n display: flex;\n flex-direction: column;\n justify-content: center;\n color: #f3f5fc;\n font-weight: 500;\n border-radius: 10px;\n padding-left: 16px;\n padding-right: 16px;\n margin-bottom: 16px; \n}\n<\/style>\n<p><script>\ndocument.addEventListener('DOMContentLoaded', function() {\n const model = document.getElementById('model');\n const repair = document.getElementById('repair-type');\n const yourData = document.getElementById('your-data-section');\n const warranty = document.getElementById('warranty-date-section');\n const purchaseDate = document.getElementById('purchase-date');\n\n function toggleYourData() {\n const hasModel = model && model.value && model.value.trim() !== '' && model.value !== '\u2014 wybierz \u2014';\n yourData.style.display = hasModel ? 'block' : 'none';\n }\n\n function toggleWarrantyDate() {\n const isWarranty = repair && repair.value === 'Gwarancyjna';\n warranty.style.display = isWarranty ? 'block' : 'none';\n if (purchaseDate) {\n if (isWarranty) {\n purchaseDate.setAttribute('required', 'required');\n purchaseDate.setAttribute('aria-required', 'true');\n } else {\n purchaseDate.removeAttribute('required');\n purchaseDate.removeAttribute('aria-required');\n }\n }\n }\n\n toggleYourData();\n toggleWarrantyDate();\n\n if (model) model.addEventListener('change', toggleYourData);\n if (repair) repair.addEventListener('change', toggleWarrantyDate);\n\n document.addEventListener('wpcf7mailsent', () => { toggleYourData(); toggleWarrantyDate(); });\n document.addEventListener('wpcf7invalid', () => { toggleYourData(); toggleWarrantyDate(); });\n});\n<\/script>\n<\/p><div class=\"wpcf7-response-output\" aria-hidden=\"true\"><\/div>\n<input type=\"hidden\" name=\"trp-form-language\" value=\"ro\"\/><\/form>\n<\/div>\n\n\t\t\t\t\t<\/div>\n\t\t\t\t\t\t<\/div>\n\t\t\t\t<\/div>\n\t\t\t\t<\/div>\n\t\t\t\t\t<\/div>\n\t\t\t\t<\/div>\n\t\t\t\t<\/div>","protected":false},"excerpt":{"rendered":"<p>Serwis Procut i Minova Gwarancyjny i pogwarancyjnyProdukty Minova obj\u0119te s\u0105 pe\u0142n\u0105 ochron\u0105 serwisow\u0105. Oferujemy szybkie naprawy zar\u00f3wno w okresie gwarancji,<\/p>","protected":false},"author":1,"featured_media":0,"parent":0,"menu_order":0,"comment_status":"closed","ping_status":"closed","template":"","meta":{"_acf_changed":false,"footnotes":""},"class_list":["post-2421","page","type-page","status-publish","hentry"],"acf":[],"_links":{"self":[{"href":"https:\/\/pro-cut.pl\/ro\/wp-json\/wp\/v2\/pages\/2421","targetHints":{"allow":["GET"]}}],"collection":[{"href":"https:\/\/pro-cut.pl\/ro\/wp-json\/wp\/v2\/pages"}],"about":[{"href":"https:\/\/pro-cut.pl\/ro\/wp-json\/wp\/v2\/types\/page"}],"author":[{"embeddable":true,"href":"https:\/\/pro-cut.pl\/ro\/wp-json\/wp\/v2\/users\/1"}],"replies":[{"embeddable":true,"href":"https:\/\/pro-cut.pl\/ro\/wp-json\/wp\/v2\/comments?post=2421"}],"version-history":[{"count":39,"href":"https:\/\/pro-cut.pl\/ro\/wp-json\/wp\/v2\/pages\/2421\/revisions"}],"predecessor-version":[{"id":2514,"href":"https:\/\/pro-cut.pl\/ro\/wp-json\/wp\/v2\/pages\/2421\/revisions\/2514"}],"wp:attachment":[{"href":"https:\/\/pro-cut.pl\/ro\/wp-json\/wp\/v2\/media?parent=2421"}],"curies":[{"name":"wp","href":"https:\/\/api.w.org\/{rel}","templated":true}]}}