{"id":3399,"date":"2025-11-30T20:11:16","date_gmt":"2025-11-30T18:11:16","guid":{"rendered":"https:\/\/pro-cut.pl\/?post_type=product&#038;p=3399"},"modified":"2026-04-10T17:03:10","modified_gmt":"2026-04-10T15:03:10","slug":"tarnik-fasadowy-do-styropianu-allublack-2000mm-wymienne-ostrza","status":"publish","type":"product","link":"https:\/\/pro-cut.pl\/sk\/product\/tarnik-fasadowy-do-styropianu-allublack-2000mm-wymienne-ostrza\/","title":{"rendered":"Tarnik fasadowy do styropianu AlluBlack 2000mm Wymienne ostrza"},"content":{"rendered":"","protected":false},"excerpt":{"rendered":"<p><strong>Idealna p\u0142aszczyzna bez fal na du\u017cych metra\u017cach<\/strong><br \/>\nStworzony do najwi\u0119kszych wyzwa\u0144. Dwumetrowa \u0142ata \u015bcierna z serii Alu Black pozwala na b\u0142yskawiczne zniwelowanie wszelkich &#8222;brzuch\u00f3w&#8221; i nier\u00f3wno\u015bci na rozleg\u0142ych \u015bcianach. Dzi\u0119ki zwi\u0119kszonemu zasi\u0119gowi wyprowadzisz perfekcyjnie r\u00f3wn\u0105 elewacj\u0119, oszcz\u0119dzaj\u0105c czas i klej.<\/p>\n<p><strong>\u2713 D\u0142ugo\u015b\u0107: 200 cm \u2713 Maksymalna powierzchnia krycia \u2713 Likwiduje &#8222;fale&#8221; i uskoki p\u0142yt\u00a0<\/strong><\/p>","protected":false},"featured_media":3822,"comment_status":"open","ping_status":"closed","template":"","meta":{"_acf_changed":false},"product_brand":[],"product_cat":[78],"product_tag":[77],"class_list":{"0":"post-3399","1":"product","2":"type-product","3":"status-publish","4":"has-post-thumbnail","6":"product_cat-tarniki-fasadowe","7":"product_tag-test","8":"product_shipping_class-gabaryt-duzy","10":"first","11":"outofstock","12":"sale","13":"taxable","14":"shipping-taxable","15":"purchasable","16":"product-type-simple"},"bundled_by":[],"bundle_stock_status":"outofstock","bundle_stock_quantity":null,"bundle_virtual":false,"bundle_layout":"","bundle_add_to_cart_form_location":"","bundle_editable_in_cart":false,"bundle_sold_individually_context":"","bundle_item_grouping":"","bundle_min_size":"","bundle_max_size":"","bundle_price":[],"bundled_items":[],"bundle_sell_ids":[],"acf":[],"_links":{"self":[{"href":"https:\/\/pro-cut.pl\/sk\/wp-json\/wp\/v2\/product\/3399","targetHints":{"allow":["GET"]}}],"collection":[{"href":"https:\/\/pro-cut.pl\/sk\/wp-json\/wp\/v2\/product"}],"about":[{"href":"https:\/\/pro-cut.pl\/sk\/wp-json\/wp\/v2\/types\/product"}],"replies":[{"embeddable":true,"href":"https:\/\/pro-cut.pl\/sk\/wp-json\/wp\/v2\/comments?post=3399"}],"version-history":[{"count":3,"href":"https:\/\/pro-cut.pl\/sk\/wp-json\/wp\/v2\/product\/3399\/revisions"}],"predecessor-version":[{"id":3402,"href":"https:\/\/pro-cut.pl\/sk\/wp-json\/wp\/v2\/product\/3399\/revisions\/3402"}],"wp:featuredmedia":[{"embeddable":true,"href":"https:\/\/pro-cut.pl\/sk\/wp-json\/wp\/v2\/media\/3822"}],"wp:attachment":[{"href":"https:\/\/pro-cut.pl\/sk\/wp-json\/wp\/v2\/media?parent=3399"}],"wp:term":[{"taxonomy":"product_brand","embeddable":true,"href":"https:\/\/pro-cut.pl\/sk\/wp-json\/wp\/v2\/product_brand?post=3399"},{"taxonomy":"product_cat","embeddable":true,"href":"https:\/\/pro-cut.pl\/sk\/wp-json\/wp\/v2\/product_cat?post=3399"},{"taxonomy":"product_tag","embeddable":true,"href":"https:\/\/pro-cut.pl\/sk\/wp-json\/wp\/v2\/product_tag?post=3399"}],"curies":[{"name":"wp","href":"https:\/\/api.w.org\/{rel}","templated":true}]}}