{"id":3404,"date":"2025-11-30T20:11:17","date_gmt":"2025-11-30T18:11:17","guid":{"rendered":"https:\/\/pro-cut.pl\/?post_type=product&#038;p=3404"},"modified":"2026-04-10T17:03:02","modified_gmt":"2026-04-10T15:03:02","slug":"tarnik-fasadowy-do-styropianu-allublack-1600mm-wymienne-ostrza","status":"publish","type":"product","link":"https:\/\/pro-cut.pl\/sk\/product\/tarnik-fasadowy-do-styropianu-allublack-1600mm-wymienne-ostrza\/","title":{"rendered":"Tarnik fasadowy do styropianu AlluBlack 1600mm Wymienne ostrza"},"content":{"rendered":"","protected":false},"excerpt":{"rendered":"<p><strong>Z\u0142oty standard na ka\u017cdej elewacji<\/strong><br \/>\nNajch\u0119tniej wybierany wymiar przez profesjonalist\u00f3w. Tarnik Alu Black 1600 mm to idealny kompromis mi\u0119dzy du\u017cym zasi\u0119giem a wygod\u0105 manewrowania na rusztowaniu. Niezawodny do szybkiego planowania \u015bcian styropianowych i wyprowadzania idealnej p\u0142aszczyzny bazowej pod klej i siatk\u0119.<\/p>\n<p><strong>\u2713 D\u0142ugo\u015b\u0107: 160 cm \u2713 Uniwersalny zasi\u0119g roboczy \u2713 Bardzo lekki i wytrzyma\u0142y \u2713 Brak wyginania si\u0119 profilu podczas pracy<\/strong><\/p>","protected":false},"featured_media":3822,"comment_status":"open","ping_status":"closed","template":"","meta":{"_acf_changed":false},"product_brand":[],"product_cat":[78,92],"product_tag":[77],"class_list":{"0":"post-3404","1":"product","2":"type-product","3":"status-publish","4":"has-post-thumbnail","6":"product_cat-tarniki-fasadowe","7":"product_cat-obrobka-i-wykanczanie-elewacji","8":"product_tag-test","9":"product_shipping_class-gabaryt-duzy","11":"first","12":"outofstock","13":"sale","14":"taxable","15":"shipping-taxable","16":"purchasable","17":"product-type-simple"},"bundled_by":[],"bundle_stock_status":"outofstock","bundle_stock_quantity":null,"bundle_virtual":false,"bundle_layout":"","bundle_add_to_cart_form_location":"","bundle_editable_in_cart":false,"bundle_sold_individually_context":"","bundle_item_grouping":"","bundle_min_size":"","bundle_max_size":"","bundle_price":[],"bundled_items":[],"bundle_sell_ids":[],"acf":[],"_links":{"self":[{"href":"https:\/\/pro-cut.pl\/sk\/wp-json\/wp\/v2\/product\/3404","targetHints":{"allow":["GET"]}}],"collection":[{"href":"https:\/\/pro-cut.pl\/sk\/wp-json\/wp\/v2\/product"}],"about":[{"href":"https:\/\/pro-cut.pl\/sk\/wp-json\/wp\/v2\/types\/product"}],"replies":[{"embeddable":true,"href":"https:\/\/pro-cut.pl\/sk\/wp-json\/wp\/v2\/comments?post=3404"}],"version-history":[{"count":2,"href":"https:\/\/pro-cut.pl\/sk\/wp-json\/wp\/v2\/product\/3404\/revisions"}],"predecessor-version":[{"id":3764,"href":"https:\/\/pro-cut.pl\/sk\/wp-json\/wp\/v2\/product\/3404\/revisions\/3764"}],"wp:featuredmedia":[{"embeddable":true,"href":"https:\/\/pro-cut.pl\/sk\/wp-json\/wp\/v2\/media\/3822"}],"wp:attachment":[{"href":"https:\/\/pro-cut.pl\/sk\/wp-json\/wp\/v2\/media?parent=3404"}],"wp:term":[{"taxonomy":"product_brand","embeddable":true,"href":"https:\/\/pro-cut.pl\/sk\/wp-json\/wp\/v2\/product_brand?post=3404"},{"taxonomy":"product_cat","embeddable":true,"href":"https:\/\/pro-cut.pl\/sk\/wp-json\/wp\/v2\/product_cat?post=3404"},{"taxonomy":"product_tag","embeddable":true,"href":"https:\/\/pro-cut.pl\/sk\/wp-json\/wp\/v2\/product_tag?post=3404"}],"curies":[{"name":"wp","href":"https:\/\/api.w.org\/{rel}","templated":true}]}}