{"id":3791,"date":"2026-04-01T20:37:36","date_gmt":"2026-04-01T18:37:36","guid":{"rendered":"https:\/\/pro-cut.pl\/?post_type=product&#038;p=3791"},"modified":"2026-04-27T14:31:29","modified_gmt":"2026-04-27T12:31:29","slug":"papier-scierny-do-zacieraczki-do-styropianu-p40","status":"publish","type":"product","link":"https:\/\/pro-cut.pl\/sk\/product\/papier-scierny-do-zacieraczki-do-styropianu-p40\/","title":{"rendered":"Papier \u015bcierny do zacieraczki do styropianu p40 (5szt)"},"content":{"rendered":"<div data-elementor-type=\"product-post\" data-elementor-id=\"3791\" class=\"elementor elementor-3791\" data-elementor-post-type=\"product\">\n\t\t\t\t<div class=\"wd-negative-gap elementor-element elementor-element-6947ece e-flex e-con-boxed e-con e-parent\" data-id=\"6947ece\" data-element_type=\"container\" data-e-type=\"container\">\n\t\t\t\t\t<div class=\"e-con-inner\">\n\t\t<div class=\"elementor-element elementor-element-dd2e2db e-con-full e-flex e-con e-child\" data-id=\"dd2e2db\" data-element_type=\"container\" data-e-type=\"container\">\n\t\t\t\t<div class=\"elementor-element elementor-element-71c98098 color-scheme-inherit text-left elementor-widget elementor-widget-text-editor\" data-id=\"71c98098\" data-element_type=\"widget\" data-e-type=\"widget\" data-widget_type=\"text-editor.default\">\n\t\t\t\t<div class=\"elementor-widget-container\">\n\t\t\t\t\t\t\t\t\t<h3 data-path-to-node=\"5\"><b data-path-to-node=\"5\" data-index-in-node=\"0\">Najwa\u017cniejsze zalety boniarki:<\/b><\/h3><p data-path-to-node=\"6\">\u2705 <b data-path-to-node=\"6\" data-index-in-node=\"2\">Maksymalna kontrola ci\u0119cia i powtarzalno\u015b\u0107<\/b> Prowadnica i solidne metalowe sanki pozwalaj\u0105 na precyzyjne ustalenie, jak g\u0142\u0119boko ostrze ma wchodzi\u0107 w styropian. Koniec z krzywymi liniami wycinanymi &#8222;z r\u0119ki&#8221; \u2013 ka\u017cde ci\u0119cie ma dok\u0142adnie ten sam, zaplanowany wymiar.<\/p><p data-path-to-node=\"7\">\u2705 <b data-path-to-node=\"7\" data-index-in-node=\"2\">Elastyczne ostrze do zada\u0144 specjalnych<\/b> W zestawie otrzymujesz 30-centymetrowe ostrze robocze. Mo\u017cesz je samodzielnie wygina\u0107 i profilowa\u0107 (np. w kszta\u0142t litery U lub V), idealnie dopasowuj\u0105c szeroko\u015b\u0107 i kszta\u0142t wyci\u0119cia do \u015brednicy rur czy specyfiki paneli.<\/p><p data-path-to-node=\"8\">\u2705 <b data-path-to-node=\"8\" data-index-in-node=\"2\">P\u0142ynny \u015blizg bez uszkadzania p\u0142yt<\/b> Dzi\u0119ki zastosowaniu dw\u00f3ch g\u0142adkich, plastikowych podstawek bocznych, boniarka p\u0142ynnie sunie po styropianie i styrodurze. Nie zacina si\u0119 w materiale i nie rysuje obrabianej powierzchni.<\/p><p data-path-to-node=\"9\">\u2705 <b data-path-to-node=\"9\" data-index-in-node=\"2\">Uniwersalna kompatybilno\u015b\u0107 i szybki monta\u017c<\/b> Zestaw posiada standardowy rozstaw mocowa\u0144. W kilka sekund zamontujesz go do wszystkich no\u017cy termicznych Minova oraz do wi\u0119kszo\u015bci standardowych no\u017cy dost\u0119pnych na rynku. Wkr\u0119casz ostrze, przykr\u0119casz sanki i od razu dzia\u0142asz.<\/p>\t\t\t\t\t\t\t\t<\/div>\n\t\t\t\t<\/div>\n\t\t\t\t<\/div>\n\t\t<div class=\"elementor-element elementor-element-b9dce27 e-con-full e-flex e-con e-child\" data-id=\"b9dce27\" data-element_type=\"container\" data-e-type=\"container\">\n\t\t\t\t<div class=\"elementor-element elementor-element-5ad16ba elementor-widget elementor-widget-wd_image_or_svg\" data-id=\"5ad16ba\" data-element_type=\"widget\" data-e-type=\"widget\" data-widget_type=\"wd_image_or_svg.default\">\n\t\t\t\t<div class=\"elementor-widget-container\">\n\t\t\t\t\t\n\t\t<div class=\"wd-image text-left\">\n\t\t\t\t\t\t\t\t<img fetchpriority=\"high\" decoding=\"async\" width=\"1600\" height=\"1600\" src=\"https:\/\/pro-cut.pl\/wp-content\/uploads\/2026\/03\/Boniarka-zdjecie-s2.jpg\" class=\"attachment-full size-full\" alt=\"\" srcset=\"https:\/\/pro-cut.pl\/wp-content\/uploads\/2026\/03\/Boniarka-zdjecie-s2.jpg 1600w, https:\/\/pro-cut.pl\/wp-content\/uploads\/2026\/03\/Boniarka-zdjecie-s2-300x300.jpg 300w, https:\/\/pro-cut.pl\/wp-content\/uploads\/2026\/03\/Boniarka-zdjecie-s2-1024x1024.jpg 1024w, https:\/\/pro-cut.pl\/wp-content\/uploads\/2026\/03\/Boniarka-zdjecie-s2-150x150.jpg 150w, https:\/\/pro-cut.pl\/wp-content\/uploads\/2026\/03\/Boniarka-zdjecie-s2-768x768.jpg 768w, https:\/\/pro-cut.pl\/wp-content\/uploads\/2026\/03\/Boniarka-zdjecie-s2-1536x1536.jpg 1536w, https:\/\/pro-cut.pl\/wp-content\/uploads\/2026\/03\/Boniarka-zdjecie-s2-12x12.jpg 12w, https:\/\/pro-cut.pl\/wp-content\/uploads\/2026\/03\/Boniarka-zdjecie-s2-600x600.jpg 600w, https:\/\/pro-cut.pl\/wp-content\/uploads\/2026\/03\/Boniarka-zdjecie-s2-1200x1200.jpg 1200w\" sizes=\"(max-width: 1600px) 100vw, 1600px\" title=\"\">\t\t\t\t\t<\/div>\n\n\t\t\t\t\t\t<\/div>\n\t\t\t\t<\/div>\n\t\t\t\t<\/div>\n\t\t\t\t\t<\/div>\n\t\t\t\t<\/div>\n\t\t<div class=\"wd-negative-gap elementor-element elementor-element-8b0dc0f e-flex e-con-boxed e-con e-parent\" data-id=\"8b0dc0f\" data-element_type=\"container\" data-e-type=\"container\">\n\t\t\t\t\t<div class=\"e-con-inner\">\n\t\t<div class=\"elementor-element elementor-element-bc732b7 e-con-full e-flex e-con e-child\" data-id=\"bc732b7\" data-element_type=\"container\" data-e-type=\"container\">\n\t\t\t\t<div class=\"elementor-element elementor-element-aae68ec elementor-widget elementor-widget-wd_image_or_svg\" data-id=\"aae68ec\" data-element_type=\"widget\" data-e-type=\"widget\" data-widget_type=\"wd_image_or_svg.default\">\n\t\t\t\t<div class=\"elementor-widget-container\">\n\t\t\t\t\t\n\t\t<div class=\"wd-image text-left\">\n\t\t\t\t\t\t\t\t<img decoding=\"async\" width=\"1800\" height=\"1451\" src=\"https:\/\/pro-cut.pl\/wp-content\/uploads\/2026\/03\/Boniarka-biale-tlo-s2.jpg\" class=\"attachment-full size-full\" alt=\"\" srcset=\"https:\/\/pro-cut.pl\/wp-content\/uploads\/2026\/03\/Boniarka-biale-tlo-s2.jpg 1800w, https:\/\/pro-cut.pl\/wp-content\/uploads\/2026\/03\/Boniarka-biale-tlo-s2-300x242.jpg 300w, https:\/\/pro-cut.pl\/wp-content\/uploads\/2026\/03\/Boniarka-biale-tlo-s2-1024x825.jpg 1024w, https:\/\/pro-cut.pl\/wp-content\/uploads\/2026\/03\/Boniarka-biale-tlo-s2-768x619.jpg 768w, https:\/\/pro-cut.pl\/wp-content\/uploads\/2026\/03\/Boniarka-biale-tlo-s2-1536x1238.jpg 1536w, https:\/\/pro-cut.pl\/wp-content\/uploads\/2026\/03\/Boniarka-biale-tlo-s2-15x12.jpg 15w, https:\/\/pro-cut.pl\/wp-content\/uploads\/2026\/03\/Boniarka-biale-tlo-s2-1200x967.jpg 1200w, https:\/\/pro-cut.pl\/wp-content\/uploads\/2026\/03\/Boniarka-biale-tlo-s2-150x121.jpg 150w\" sizes=\"(max-width: 1800px) 100vw, 1800px\" title=\"\">\t\t\t\t\t<\/div>\n\n\t\t\t\t\t\t<\/div>\n\t\t\t\t<\/div>\n\t\t\t\t<\/div>\n\t\t<div class=\"elementor-element elementor-element-84c0cc6 e-con-full e-flex e-con e-child\" data-id=\"84c0cc6\" data-element_type=\"container\" data-e-type=\"container\">\n\t\t\t\t<div class=\"elementor-element elementor-element-715deb3 color-scheme-inherit text-left elementor-widget elementor-widget-text-editor\" data-id=\"715deb3\" data-element_type=\"widget\" data-e-type=\"widget\" data-widget_type=\"text-editor.default\">\n\t\t\t\t<div class=\"elementor-widget-container\">\n\t\t\t\t\t\t\t\t\t<h3 data-path-to-node=\"10\"><b data-path-to-node=\"10\" data-index-in-node=\"0\">Zawarto\u015b\u0107 zestawu:<\/b><\/h3><ul data-path-to-node=\"11\"><li><p data-path-to-node=\"11,0,0\">1x Metalowe sanki tn\u0105ce (baza robocza)<\/p><\/li><li><p data-path-to-node=\"11,1,0\">1x Prowadnica do utrzymania r\u00f3wnej linii<\/p><\/li><li><p data-path-to-node=\"11,2,0\">2x Plastikowe podstawki boczne (\u015blizgi)<\/p><\/li><li><p data-path-to-node=\"11,3,0\">1x Elastyczne ostrze robocze (30 cm)<\/p><\/li><\/ul>\t\t\t\t\t\t\t\t<\/div>\n\t\t\t\t<\/div>\n\t\t\t\t<\/div>\n\t\t\t\t\t<\/div>\n\t\t\t\t<\/div>\n\t\t\t\t<\/div>","protected":false},"excerpt":{"rendered":"<p>Wytrzyma\u0142y papier \u015bcierny (kr\u0105\u017cek) mocowany na rzep, przeznaczony do pracy z zacieraczkami elektrycznymi i akumulatorowymi.<\/p>\n<p>To doskona\u0142y wyb\u00f3r do tarcia i wyr\u00f3wnywania styropianu (EPS) na elewacji. Gradacja P40 jest zdecydowanie mniej agresywna ni\u017c najgrubsze ziarna P16 czy P24. Dzi\u0119ki temu papier p\u0142ynnie zbiera nier\u00f3wno\u015bci, ale nie szarpie materia\u0142u i nie wyrywa g\u0142\u0119bokich kulek, zostawiaj\u0105c znacznie g\u0142adsz\u0105 powierzchni\u0119 pod na\u0142o\u017cenie siatki z klejem. Papier \u015bwietnie sprawdza si\u0119 r\u00f3wnie\u017c przy zacieraniu tynk\u00f3w cementowo-wapiennych.<\/p>\n<p><strong>Kompatybilno\u015b\u0107<\/strong>: Pasuje do zacieraczek PROCUT, FILZOMAT PFT, MAC EDIL, EIBENSTOCK, DEDRA oraz pozosta\u0142ych modeli obs\u0142uguj\u0105cych tarcze na rzep o zbli\u017conej \u015brednicy.<\/p>\n<p><strong>Dane techniczne:<\/strong><\/p>\n<ul>\n<li><strong>\u015arednica<\/strong>: 36,5 cm (365 mm)<\/li>\n<li><strong>Gradacja<\/strong>: 40<\/li>\n<li><strong>Mocowanie<\/strong>: Mocny rzep<\/li>\n<li><strong>Zastosowanie przy dociepleniach<\/strong>: Tarcie i wyr\u00f3wnywanie styropianu (mniej agresywne, g\u0142adsze wyko\u0144czenie)<\/li>\n<li><strong>Zastosowanie og\u00f3lne:<\/strong> Zacieranie tynk\u00f3w, usuwanie starych pow\u0142ok farb<\/li>\n<\/ul>","protected":false},"featured_media":3879,"comment_status":"open","ping_status":"closed","template":"","meta":{"_acf_changed":false},"product_brand":[],"product_cat":[97,95,92],"product_tag":[104],"class_list":{"0":"post-3791","1":"product","2":"type-product","3":"status-publish","4":"has-post-thumbnail","6":"product_cat-akcesoria-2","7":"product_cat-akcesoria-do-tarnikow-i-zacieraczek","8":"product_cat-obrobka-i-wykanczanie-elewacji","9":"product_tag-simple-kontent","11":"first","12":"outofstock","13":"taxable","14":"shipping-taxable","15":"purchasable","16":"product-type-simple"},"bundled_by":[],"bundle_stock_status":"outofstock","bundle_stock_quantity":null,"bundle_virtual":false,"bundle_layout":"","bundle_add_to_cart_form_location":"","bundle_editable_in_cart":false,"bundle_sold_individually_context":"","bundle_item_grouping":"","bundle_min_size":"","bundle_max_size":"","bundle_price":[],"bundled_items":[],"bundle_sell_ids":[],"acf":[],"_links":{"self":[{"href":"https:\/\/pro-cut.pl\/sk\/wp-json\/wp\/v2\/product\/3791","targetHints":{"allow":["GET"]}}],"collection":[{"href":"https:\/\/pro-cut.pl\/sk\/wp-json\/wp\/v2\/product"}],"about":[{"href":"https:\/\/pro-cut.pl\/sk\/wp-json\/wp\/v2\/types\/product"}],"replies":[{"embeddable":true,"href":"https:\/\/pro-cut.pl\/sk\/wp-json\/wp\/v2\/comments?post=3791"}],"version-history":[{"count":2,"href":"https:\/\/pro-cut.pl\/sk\/wp-json\/wp\/v2\/product\/3791\/revisions"}],"predecessor-version":[{"id":3881,"href":"https:\/\/pro-cut.pl\/sk\/wp-json\/wp\/v2\/product\/3791\/revisions\/3881"}],"wp:featuredmedia":[{"embeddable":true,"href":"https:\/\/pro-cut.pl\/sk\/wp-json\/wp\/v2\/media\/3879"}],"wp:attachment":[{"href":"https:\/\/pro-cut.pl\/sk\/wp-json\/wp\/v2\/media?parent=3791"}],"wp:term":[{"taxonomy":"product_brand","embeddable":true,"href":"https:\/\/pro-cut.pl\/sk\/wp-json\/wp\/v2\/product_brand?post=3791"},{"taxonomy":"product_cat","embeddable":true,"href":"https:\/\/pro-cut.pl\/sk\/wp-json\/wp\/v2\/product_cat?post=3791"},{"taxonomy":"product_tag","embeddable":true,"href":"https:\/\/pro-cut.pl\/sk\/wp-json\/wp\/v2\/product_tag?post=3791"}],"curies":[{"name":"wp","href":"https:\/\/api.w.org\/{rel}","templated":true}]}}